{"id":15273,"date":"2023-08-02T13:59:11","date_gmt":"2023-08-02T13:59:11","guid":{"rendered":"https:\/\/amiraditransilvania.it\/arte\/?post_type=product&#038;p=15273"},"modified":"2023-08-02T14:27:27","modified_gmt":"2023-08-02T14:27:27","slug":"lestraterrestre","status":"publish","type":"product","link":"https:\/\/amiraditransilvania.it\/arte\/prodotto\/lestraterrestre\/","title":{"rendered":"L&#8217;estraterrestre"},"content":{"rendered":"<h1>L&#8217;estraterrestre (pittura)<\/h1>\n<p>DETTAGLI DELL&#8217;OPERA :<\/p>\n<p>Titolo : L&#8217;estraterrestre (pittura)<\/p>\n<p>Tecnica : acrilico su tela. Opera unica.<\/p>\n<p>Anno : 2006<\/p>\n<p>Dimensioni : 100 x 150 cm.<\/p>\n<p>Telaio : si.<\/p>\n<p>Ulteriore cornice : no.<\/p>\n<p>I colori acrilici con i quali \u00e8 dipinto il quadro sono a volte fluorescenti o irridiscenti.<\/p>\n<h2>Trasporto :<\/h2>\n<p>L&#8217;opera verr\u00e0 spedita arrotolata e senza telaio\u00a0per evitare il danneggiamento durante il trasporto, come potete vedere nelle immagini descrittive.<\/p>\n<h2>Archivio :<\/h2>\n<p>L&#8217;opera sar\u00e0 accompagnata da \u00a0:<\/p>\n<p>Il Certificato di garanzia sull&#8217;autenticit\u00e0 con il numero di archivio firmato\u00a0dall&#8217;artista.<\/p>\n<p>Il Certificato di merce a fini doganali per il quale la produzione supporta le spese logistiche.<\/p>\n<h3>Concetto dell&#8217;opera &#8221;L&#8217;estraterrestre (pittura)&#8221; :<\/h3>\n<p>Siamo gli unici al mondo o non lo siamo? Questa \u00e8 una delle eterne enigme , generatrice di molte teorie &#8230; (segue la descrizione dell&#8217;opera nel certificato di originalit\u00e0 che la accompagna).<\/p>\n<h2><a href=\"https:\/\/amiraditransilvania.it\/arte\/wp-content\/uploads\/2023\/08\/amira-munteanu-bergmann-copia-2-scaled.jpg\" target=\"_blank\" rel=\"noopener\"><img loading=\"lazy\" decoding=\"async\" class=\"alignnone wp-image-15274 size-full\" src=\"https:\/\/amiraditransilvania.it\/arte\/wp-content\/uploads\/2023\/08\/amira-munteanu-bergmann-copia-2-scaled.jpg\" alt=\"L'estraterrestre\" width=\"1810\" height=\"2560\" srcset=\"https:\/\/amiraditransilvania.it\/arte\/wp-content\/uploads\/2023\/08\/amira-munteanu-bergmann-copia-2-scaled.jpg 1810w, https:\/\/amiraditransilvania.it\/arte\/wp-content\/uploads\/2023\/08\/amira-munteanu-bergmann-copia-2-scaled-800x1131.jpg 800w, https:\/\/amiraditransilvania.it\/arte\/wp-content\/uploads\/2023\/08\/amira-munteanu-bergmann-copia-2-212x300.jpg 212w, https:\/\/amiraditransilvania.it\/arte\/wp-content\/uploads\/2023\/08\/amira-munteanu-bergmann-copia-2-724x1024.jpg 724w, https:\/\/amiraditransilvania.it\/arte\/wp-content\/uploads\/2023\/08\/amira-munteanu-bergmann-copia-2-768x1086.jpg 768w, https:\/\/amiraditransilvania.it\/arte\/wp-content\/uploads\/2023\/08\/amira-munteanu-bergmann-copia-2-1086x1536.jpg 1086w, https:\/\/amiraditransilvania.it\/arte\/wp-content\/uploads\/2023\/08\/amira-munteanu-bergmann-copia-2-1448x2048.jpg 1448w\" sizes=\"auto, (max-width: 1810px) 100vw, 1810px\" \/><\/a><\/h2>\n<h2>Riflessione sull&#8217;arte astratta :<\/h2>\n<p>L\u2019arte astratta rimuove le tracce della realt\u00e0, ma per arrivare a quella performance, la realt\u00e0 la devi prima creare !<\/p>\n<p>A differenza dell&#8217;arte figurativa che condiziona, l&#8217;arte astratta ti obbliga ad interogarti, lasciandoti la libert\u00e0 di vedere tutto quello che la tua mente \u00e8 capace di vedere.<\/p>\n<p>L&#8217;astrattismo non \u00e8 qualcosa di indefinito, ma bensi qualcosa di molto sottile, \u00e8 la ricerca del essenziale, del impossibile, \u00e8 la trasposizione in una dimensione pi\u00f9 sottile dell&#8217;essenza umana.<\/p>\n<p>L&#8217;arte astratta \u00e8 l&#8217;appuntamento con il Pensiero, un incontro amoroso a sorpresa, una fabbrica filosofica.<\/p>\n<p>La pittura astratta ti conferma l&#8217;invisibile, ti convince di esso mostrandotelo, \u00e8 il distacco dalla materialit\u00e0 delle cose.<\/p>\n<p>Anche le idee pi\u00f9 astratte e speculative devono essere ancorate nella realt\u00e0, nella materia delle cose, nella non-comprensione di esse !<\/p>\n<h3>Dettagli dell&#8217;Archivio &#8211; Astratto opere originali : opera &#8221;L&#8217;estraterrestre (pittura)&#8221; &#8211; 2006<\/h3>\n<p>In questa categoria l\u2019artista mette in vendita la propria collezione per liberare lo spazio nel suo studio, staccandosi con grande difficolta dalle opere che hanno viaggiato con lei nel tempo.<\/p>\n<p>Per sapere di pi\u00f9 sull&#8217;Artista e sulla sua Arte, visita il<a href=\"https:\/\/amiraditransilvania.it\/category\/arte\/\" target=\"_blank\" rel=\"noopener\"> BLOG.<\/a><\/p>\n<h2><\/h2>\n<p class=\"wpcf7-contact-form-not-found\"><strong>Errore:<\/strong> Modulo di contatto non trovato.<\/p>\n","protected":false},"excerpt":{"rendered":"<p>DETTAGLI DELL&#8217;OPERA :<\/p>\n<p>Titolo : L&#8217;estraterrestre (pittura)<\/p>\n<p>Tecnica : acrilico su tela. Opera unica.<\/p>\n<p>Anno : 2006<\/p>\n<p>Dimensioni : 100 x 150 cm.<\/p>\n<p>Telaio : si.<\/p>\n<p>Ulteriore cornice : no.<\/p>\n<p>Spedizione garantita e assicurata con Fedex Courier in tutto il mondo in 72 ore.<\/p>\n<p>Tutte le opere d&#8217;arte di AMIRA sono garantite per durare per tutta la vita e anche oltre.<\/p>\n","protected":false},"featured_media":15274,"comment_status":"open","ping_status":"closed","template":"","meta":{"_acf_changed":false},"product_brand":[],"product_cat":[235,32],"product_tag":[217,215,225,233,234,218,216,223,224,230,229,228,227,226,231,219,221,220,222],"class_list":{"0":"post-15273","1":"product","2":"type-product","3":"status-publish","4":"has-post-thumbnail","6":"product_cat-quadri-astratti-originali","7":"product_cat-archivio-amira-artista","8":"product_tag-arte","9":"product_tag-arte-contemporanea","10":"product_tag-arte-contemporanea-milano","11":"product_tag-arte-nft","12":"product_tag-arte-originale","13":"product_tag-artista","14":"product_tag-artista-contemporaneo","15":"product_tag-artista-italiano","16":"product_tag-artista-milano","17":"product_tag-il-quadro-piu-costoso","18":"product_tag-lartista-italiano-piu-famoso","19":"product_tag-lartista-italiano-piu-venduto","20":"product_tag-lartista-piu-famoso","21":"product_tag-lartista-piu-venduto","22":"product_tag-multipli-dautore","23":"product_tag-pittore","24":"product_tag-pittore-contemporaneo","25":"product_tag-pittrice","26":"product_tag-pittrice-contemporanea","27":"product_shipping_class-spedizione-fedex","29":"first","30":"instock","31":"taxable","32":"shipping-taxable","33":"purchasable","34":"product-type-simple"},"acf":[],"yoast_head":"<!-- This site is optimized with the Yoast SEO plugin v27.5 - https:\/\/yoast.com\/product\/yoast-seo-wordpress\/ -->\n<title>L&#039;estraterrestre (pittura) , arte contemporanea, artista AMIRA<\/title>\n<meta name=\"description\" content=\"L&#039;estraterrestre (pittura), opera astratta originale, acrilico fluorescente su tela. Archivio dell&#039;artista AMIRA, opere originali. Arte contemporanea\" \/>\n<meta name=\"robots\" content=\"index, follow, max-snippet:-1, max-image-preview:large, max-video-preview:-1\" \/>\n<link rel=\"canonical\" href=\"https:\/\/amiraditransilvania.it\/arte\/prodotto\/lestraterrestre\/\" \/>\n<meta property=\"og:locale\" content=\"it_IT\" \/>\n<meta property=\"og:type\" content=\"article\" \/>\n<meta property=\"og:title\" content=\"L&#039;estraterrestre (pittura) , arte contemporanea, artista AMIRA\" \/>\n<meta property=\"og:description\" content=\"L&#039;estraterrestre (pittura), opera astratta originale, acrilico fluorescente su tela. Archivio dell&#039;artista AMIRA, opere originali. Arte contemporanea\" \/>\n<meta property=\"og:url\" content=\"https:\/\/amiraditransilvania.it\/arte\/prodotto\/lestraterrestre\/\" \/>\n<meta property=\"og:site_name\" content=\"Amira di Transilvania\" \/>\n<meta property=\"article:modified_time\" content=\"2023-08-02T14:27:27+00:00\" \/>\n<meta property=\"og:image\" content=\"https:\/\/amiraditransilvania.it\/arte\/wp-content\/uploads\/2023\/08\/amira-munteanu-bergmann-copia-2-scaled.jpg\" \/>\n\t<meta property=\"og:image:width\" content=\"1810\" \/>\n\t<meta property=\"og:image:height\" content=\"2560\" \/>\n\t<meta property=\"og:image:type\" content=\"image\/jpeg\" \/>\n<meta name=\"twitter:card\" content=\"summary_large_image\" \/>\n<meta name=\"twitter:label1\" content=\"Tempo di lettura stimato\" \/>\n\t<meta name=\"twitter:data1\" content=\"2 minuti\" \/>\n<script type=\"application\/ld+json\" class=\"yoast-schema-graph\">{\"@context\":\"https:\\\/\\\/schema.org\",\"@graph\":[{\"@type\":\"WebPage\",\"@id\":\"https:\\\/\\\/amiraditransilvania.it\\\/arte\\\/prodotto\\\/lestraterrestre\\\/\",\"url\":\"https:\\\/\\\/amiraditransilvania.it\\\/arte\\\/prodotto\\\/lestraterrestre\\\/\",\"name\":\"L'estraterrestre (pittura) , arte contemporanea, artista AMIRA\",\"isPartOf\":{\"@id\":\"https:\\\/\\\/amiraditransilvania.it\\\/arte\\\/#website\"},\"primaryImageOfPage\":{\"@id\":\"https:\\\/\\\/amiraditransilvania.it\\\/arte\\\/prodotto\\\/lestraterrestre\\\/#primaryimage\"},\"image\":{\"@id\":\"https:\\\/\\\/amiraditransilvania.it\\\/arte\\\/prodotto\\\/lestraterrestre\\\/#primaryimage\"},\"thumbnailUrl\":\"https:\\\/\\\/amiraditransilvania.it\\\/arte\\\/wp-content\\\/uploads\\\/2023\\\/08\\\/amira-munteanu-bergmann-copia-2-scaled.jpg\",\"datePublished\":\"2023-08-02T13:59:11+00:00\",\"dateModified\":\"2023-08-02T14:27:27+00:00\",\"description\":\"L'estraterrestre (pittura), opera astratta originale, acrilico fluorescente su tela. Archivio dell'artista AMIRA, opere originali. Arte contemporanea\",\"breadcrumb\":{\"@id\":\"https:\\\/\\\/amiraditransilvania.it\\\/arte\\\/prodotto\\\/lestraterrestre\\\/#breadcrumb\"},\"inLanguage\":\"it-IT\",\"potentialAction\":[{\"@type\":\"ReadAction\",\"target\":[\"https:\\\/\\\/amiraditransilvania.it\\\/arte\\\/prodotto\\\/lestraterrestre\\\/\"]}]},{\"@type\":\"ImageObject\",\"inLanguage\":\"it-IT\",\"@id\":\"https:\\\/\\\/amiraditransilvania.it\\\/arte\\\/prodotto\\\/lestraterrestre\\\/#primaryimage\",\"url\":\"https:\\\/\\\/amiraditransilvania.it\\\/arte\\\/wp-content\\\/uploads\\\/2023\\\/08\\\/amira-munteanu-bergmann-copia-2-scaled.jpg\",\"contentUrl\":\"https:\\\/\\\/amiraditransilvania.it\\\/arte\\\/wp-content\\\/uploads\\\/2023\\\/08\\\/amira-munteanu-bergmann-copia-2-scaled.jpg\",\"width\":1810,\"height\":2560},{\"@type\":\"BreadcrumbList\",\"@id\":\"https:\\\/\\\/amiraditransilvania.it\\\/arte\\\/prodotto\\\/lestraterrestre\\\/#breadcrumb\",\"itemListElement\":[{\"@type\":\"ListItem\",\"position\":1,\"name\":\"Home\",\"item\":\"https:\\\/\\\/amiraditransilvania.it\\\/arte\\\/\"},{\"@type\":\"ListItem\",\"position\":2,\"name\":\"Shop\",\"item\":\"https:\\\/\\\/amiraditransilvania.it\\\/arte\\\/shop\\\/\"},{\"@type\":\"ListItem\",\"position\":3,\"name\":\"L&#8217;estraterrestre\"}]},{\"@type\":\"WebSite\",\"@id\":\"https:\\\/\\\/amiraditransilvania.it\\\/arte\\\/#website\",\"url\":\"https:\\\/\\\/amiraditransilvania.it\\\/arte\\\/\",\"name\":\"Amira di Transilvania\",\"description\":\"Store di Amira di Transilvania\",\"publisher\":{\"@id\":\"https:\\\/\\\/amiraditransilvania.it\\\/arte\\\/#\\\/schema\\\/person\\\/578a943433edb2cc80c97438b1edba34\"},\"potentialAction\":[{\"@type\":\"SearchAction\",\"target\":{\"@type\":\"EntryPoint\",\"urlTemplate\":\"https:\\\/\\\/amiraditransilvania.it\\\/arte\\\/?s={search_term_string}\"},\"query-input\":{\"@type\":\"PropertyValueSpecification\",\"valueRequired\":true,\"valueName\":\"search_term_string\"}}],\"inLanguage\":\"it-IT\"},{\"@type\":[\"Person\",\"Organization\"],\"@id\":\"https:\\\/\\\/amiraditransilvania.it\\\/arte\\\/#\\\/schema\\\/person\\\/578a943433edb2cc80c97438b1edba34\",\"name\":\"Amira\",\"image\":{\"@type\":\"ImageObject\",\"inLanguage\":\"it-IT\",\"@id\":\"https:\\\/\\\/amiraditransilvania.it\\\/arte\\\/wp-content\\\/uploads\\\/2023\\\/06\\\/amira-munteanu-bergmann-artista.webp\",\"url\":\"https:\\\/\\\/amiraditransilvania.it\\\/arte\\\/wp-content\\\/uploads\\\/2023\\\/06\\\/amira-munteanu-bergmann-artista.webp\",\"contentUrl\":\"https:\\\/\\\/amiraditransilvania.it\\\/arte\\\/wp-content\\\/uploads\\\/2023\\\/06\\\/amira-munteanu-bergmann-artista.webp\",\"width\":800,\"height\":800,\"caption\":\"Amira\"},\"logo\":{\"@id\":\"https:\\\/\\\/amiraditransilvania.it\\\/arte\\\/wp-content\\\/uploads\\\/2023\\\/06\\\/amira-munteanu-bergmann-artista.webp\"}}]}<\/script>\n<!-- \/ Yoast SEO plugin. -->","yoast_head_json":{"title":"L'estraterrestre (pittura) , arte contemporanea, artista AMIRA","description":"L'estraterrestre (pittura), opera astratta originale, acrilico fluorescente su tela. Archivio dell'artista AMIRA, opere originali. Arte contemporanea","robots":{"index":"index","follow":"follow","max-snippet":"max-snippet:-1","max-image-preview":"max-image-preview:large","max-video-preview":"max-video-preview:-1"},"canonical":"https:\/\/amiraditransilvania.it\/arte\/prodotto\/lestraterrestre\/","og_locale":"it_IT","og_type":"article","og_title":"L'estraterrestre (pittura) , arte contemporanea, artista AMIRA","og_description":"L'estraterrestre (pittura), opera astratta originale, acrilico fluorescente su tela. Archivio dell'artista AMIRA, opere originali. Arte contemporanea","og_url":"https:\/\/amiraditransilvania.it\/arte\/prodotto\/lestraterrestre\/","og_site_name":"Amira di Transilvania","article_modified_time":"2023-08-02T14:27:27+00:00","og_image":[{"width":1810,"height":2560,"url":"https:\/\/amiraditransilvania.it\/arte\/wp-content\/uploads\/2023\/08\/amira-munteanu-bergmann-copia-2-scaled.jpg","type":"image\/jpeg"}],"twitter_card":"summary_large_image","twitter_misc":{"Tempo di lettura stimato":"2 minuti"},"schema":{"@context":"https:\/\/schema.org","@graph":[{"@type":"WebPage","@id":"https:\/\/amiraditransilvania.it\/arte\/prodotto\/lestraterrestre\/","url":"https:\/\/amiraditransilvania.it\/arte\/prodotto\/lestraterrestre\/","name":"L'estraterrestre (pittura) , arte contemporanea, artista AMIRA","isPartOf":{"@id":"https:\/\/amiraditransilvania.it\/arte\/#website"},"primaryImageOfPage":{"@id":"https:\/\/amiraditransilvania.it\/arte\/prodotto\/lestraterrestre\/#primaryimage"},"image":{"@id":"https:\/\/amiraditransilvania.it\/arte\/prodotto\/lestraterrestre\/#primaryimage"},"thumbnailUrl":"https:\/\/amiraditransilvania.it\/arte\/wp-content\/uploads\/2023\/08\/amira-munteanu-bergmann-copia-2-scaled.jpg","datePublished":"2023-08-02T13:59:11+00:00","dateModified":"2023-08-02T14:27:27+00:00","description":"L'estraterrestre (pittura), opera astratta originale, acrilico fluorescente su tela. Archivio dell'artista AMIRA, opere originali. Arte contemporanea","breadcrumb":{"@id":"https:\/\/amiraditransilvania.it\/arte\/prodotto\/lestraterrestre\/#breadcrumb"},"inLanguage":"it-IT","potentialAction":[{"@type":"ReadAction","target":["https:\/\/amiraditransilvania.it\/arte\/prodotto\/lestraterrestre\/"]}]},{"@type":"ImageObject","inLanguage":"it-IT","@id":"https:\/\/amiraditransilvania.it\/arte\/prodotto\/lestraterrestre\/#primaryimage","url":"https:\/\/amiraditransilvania.it\/arte\/wp-content\/uploads\/2023\/08\/amira-munteanu-bergmann-copia-2-scaled.jpg","contentUrl":"https:\/\/amiraditransilvania.it\/arte\/wp-content\/uploads\/2023\/08\/amira-munteanu-bergmann-copia-2-scaled.jpg","width":1810,"height":2560},{"@type":"BreadcrumbList","@id":"https:\/\/amiraditransilvania.it\/arte\/prodotto\/lestraterrestre\/#breadcrumb","itemListElement":[{"@type":"ListItem","position":1,"name":"Home","item":"https:\/\/amiraditransilvania.it\/arte\/"},{"@type":"ListItem","position":2,"name":"Shop","item":"https:\/\/amiraditransilvania.it\/arte\/shop\/"},{"@type":"ListItem","position":3,"name":"L&#8217;estraterrestre"}]},{"@type":"WebSite","@id":"https:\/\/amiraditransilvania.it\/arte\/#website","url":"https:\/\/amiraditransilvania.it\/arte\/","name":"Amira di Transilvania","description":"Store di Amira di Transilvania","publisher":{"@id":"https:\/\/amiraditransilvania.it\/arte\/#\/schema\/person\/578a943433edb2cc80c97438b1edba34"},"potentialAction":[{"@type":"SearchAction","target":{"@type":"EntryPoint","urlTemplate":"https:\/\/amiraditransilvania.it\/arte\/?s={search_term_string}"},"query-input":{"@type":"PropertyValueSpecification","valueRequired":true,"valueName":"search_term_string"}}],"inLanguage":"it-IT"},{"@type":["Person","Organization"],"@id":"https:\/\/amiraditransilvania.it\/arte\/#\/schema\/person\/578a943433edb2cc80c97438b1edba34","name":"Amira","image":{"@type":"ImageObject","inLanguage":"it-IT","@id":"https:\/\/amiraditransilvania.it\/arte\/wp-content\/uploads\/2023\/06\/amira-munteanu-bergmann-artista.webp","url":"https:\/\/amiraditransilvania.it\/arte\/wp-content\/uploads\/2023\/06\/amira-munteanu-bergmann-artista.webp","contentUrl":"https:\/\/amiraditransilvania.it\/arte\/wp-content\/uploads\/2023\/06\/amira-munteanu-bergmann-artista.webp","width":800,"height":800,"caption":"Amira"},"logo":{"@id":"https:\/\/amiraditransilvania.it\/arte\/wp-content\/uploads\/2023\/06\/amira-munteanu-bergmann-artista.webp"}}]}},"_links":{"self":[{"href":"https:\/\/amiraditransilvania.it\/arte\/wp-json\/wp\/v2\/product\/15273","targetHints":{"allow":["GET"]}}],"collection":[{"href":"https:\/\/amiraditransilvania.it\/arte\/wp-json\/wp\/v2\/product"}],"about":[{"href":"https:\/\/amiraditransilvania.it\/arte\/wp-json\/wp\/v2\/types\/product"}],"replies":[{"embeddable":true,"href":"https:\/\/amiraditransilvania.it\/arte\/wp-json\/wp\/v2\/comments?post=15273"}],"wp:featuredmedia":[{"embeddable":true,"href":"https:\/\/amiraditransilvania.it\/arte\/wp-json\/wp\/v2\/media\/15274"}],"wp:attachment":[{"href":"https:\/\/amiraditransilvania.it\/arte\/wp-json\/wp\/v2\/media?parent=15273"}],"wp:term":[{"taxonomy":"product_brand","embeddable":true,"href":"https:\/\/amiraditransilvania.it\/arte\/wp-json\/wp\/v2\/product_brand?post=15273"},{"taxonomy":"product_cat","embeddable":true,"href":"https:\/\/amiraditransilvania.it\/arte\/wp-json\/wp\/v2\/product_cat?post=15273"},{"taxonomy":"product_tag","embeddable":true,"href":"https:\/\/amiraditransilvania.it\/arte\/wp-json\/wp\/v2\/product_tag?post=15273"}],"curies":[{"name":"wp","href":"https:\/\/api.w.org\/{rel}","templated":true}]}}