{"id":841,"date":"2021-05-10T16:39:56","date_gmt":"2021-05-10T16:39:56","guid":{"rendered":"http:\/\/localhost:8080\/?post_type=product&#038;p=841"},"modified":"2024-02-16T16:39:51","modified_gmt":"2024-02-16T16:39:51","slug":"langelo-che-tutto-vede-pittura","status":"publish","type":"product","link":"https:\/\/amiraditransilvania.it\/arte\/prodotto\/langelo-che-tutto-vede-pittura\/","title":{"rendered":"L&#8217;angelo che tutto vede (pittura)"},"content":{"rendered":"<div id=\"attachment_6011\" style=\"width: 858px\" class=\"wp-caption alignnone\"><a href=\"https:\/\/www.amiraditransilvania.it\/wp-content\/uploads\/2017\/05\/angelo-v.jpg\" target=\"_blank\" rel=\"noopener noreferrer\"><img loading=\"lazy\" decoding=\"async\" aria-describedby=\"caption-attachment-6011\" class=\"wp-image-6011 size-full\" title=\"L'angelo che tutto vede (pittura)\" src=\"https:\/\/www.amiraditransilvania.it\/wp-content\/uploads\/2017\/05\/angelo-v.jpg\" alt=\"L'angelo che tutto vede (pittura)\" width=\"848\" height=\"1200\" \/><\/a><p id=\"caption-attachment-6011\" class=\"wp-caption-text\">L&#8217;angelo che tutto vede (pittura)<\/p><\/div>\n<h2><span style=\"color: #ff0000;\">Questo articolo \u00e8 stato venduto. Non \u00e8 pi\u00f9 disponibile.<\/span><\/h2>\n<h2>L&#8217;angelo che tutto vede (pittura)<\/h2>\n<p>DETTAGLI dell&#8217;opera &#8221;L&#8217;angelo che tutto vede (pittura)<\/p>\n<p>TECNICA : acrilico su tela con intervento manuale di rilievo e foglia argento , opera unica<\/p>\n<p>Anno : 2013<\/p>\n<p>I colori acrilici con i quali vengono fatti gli interventi a mano sono a volte fluorescenti o irridiscenti . Ogni opera multipla ha degli interventi manuali. \u00a0Questo conferma autenticit\u00e0 e unicit\u00e0 all&#8217;opera.<\/p>\n<p>DIMENSIONI : 70 x 80 cm \u00a0(senza telaio)<\/p>\n<p>Per qualsiasi altra informazione, o se desiderate una misura dell\u2019opera diversa da quella che leggete, \u00a0non esitate a contattarmi .<\/p>\n<p>L&#8217;opera verr\u00e0 spedita arrotolata e senza telaio\u00a0per evitare il danneggiamento durante il trasporto, come potete vedere nelle immagini descrittive.<\/p>\n<p>Sar\u00e0 accompagnata da \u00a0:<\/p>\n<p>Il Certificato di garanzia sull&#8217;autenticit\u00e0 con il numero di archivio firmato\u00a0dall&#8217;artista.<\/p>\n<p>Il Certificato di merce a fini doganali per il quale la produzione supporta le spese logistiche.<\/p>\n<h3>Concetto :<\/h3>\n<p>Opera ispirata alle\u00a0rappresentazioni iconografiche delle simbologie angeliche presenti nei testi sacri antichi, da quelli tradizionali a quelli moderni<\/p>\n<h3>LE OPERE SERIGRAFICHE<\/h3>\n<p>In questa categoria potette acquistare delle opere d\u2019arte realizzate con la famosa tecnica\u00a0della SERIGRAFIA, un metodo attualissimo e molto ricercato dai collezionisti.<\/p>\n<p>Diffusa nel arte da Andy Warhol che ritrae per la prima volta la Marilyn Monroe, \u00a0dall\u2019ora la serigrafia numerata \u00e8 stata abbracciata da tutti gli artisti\u00a0negli anni successivi diventando un trend tuttora in voga.<\/p>\n<p>Ogni opera mantiene esattamente le caratteristiche dell\u2019opera originale che, in maggior parte dei casi\u00a0\u00e8 stata gi\u00e0 acquistata ad un prezzo spesso\u00a0 10 volte superiore in quanto esemplare unico.<\/p>\n<p>La serigrafia \u00a0invece ha il vantaggio di essere molto meno costosa ,ma allo stesso tempo un\u2019opera originale in quanto numerate accompagnata da un certificato di archivio e firma originale dell\u2019artista.<\/p>\n<p>Spesso le opere serigrafiche hanno ritocchi manuali e personalizzati da parte dell\u2019autore\u00a0in modo da rendere unico ogni esemplare nonostante si tratti di una piccola serie.<\/p>\n<p>Le serigrafie che mettiamo a disposizione sono serie limitata di 10 esemplari   una prova d\u2019artista.<\/p>\n<h2><\/h2>\n<p class=\"wpcf7-contact-form-not-found\"><strong>Errore:<\/strong> Modulo di contatto non trovato.<\/p>\n","protected":false},"excerpt":{"rendered":"<p>Questo articolo \u00e8 stato venduto. Non \u00e8 pi\u00f9 disponibile. L&#8217;angelo che tutto vede (pittura) DETTAGLI dell&#8217;opera &#8221;L&#8217;angelo che tutto vede (pittura) TECNICA : acrilico su tela con intervento manuale di rilievo e foglia argento , opera unica Anno : 2013 I colori acrilici con i quali vengono fatti gli interventi a mano sono a volte [&hellip;]<\/p>\n","protected":false},"featured_media":937,"comment_status":"open","ping_status":"closed","template":"","meta":{"_acf_changed":false},"product_brand":[],"product_cat":[31,119],"product_tag":[],"class_list":{"0":"post-841","1":"product","2":"type-product","3":"status-publish","4":"has-post-thumbnail","6":"product_cat-opere-originali","7":"product_cat-quadri-con-angeli-e-demoni-originali","9":"first","10":"outofstock","11":"taxable","12":"shipping-taxable","13":"purchasable","14":"product-type-simple"},"acf":[],"yoast_head":"<!-- This site is optimized with the Yoast SEO plugin v27.5 - https:\/\/yoast.com\/product\/yoast-seo-wordpress\/ -->\n<title>L&#039;angelo che tutto vede (pittura) , rappresentazione iconografica delle simbologie angeliche<\/title>\n<meta name=\"description\" content=\"L&#039;angelo che tutto vede , rappresentazione iconografica delle simbologie angeliche presenti nei testi sacri antichi, da quelli tradizionali a quelli moderni\" \/>\n<meta name=\"robots\" content=\"index, follow, max-snippet:-1, max-image-preview:large, max-video-preview:-1\" \/>\n<link rel=\"canonical\" href=\"https:\/\/amiraditransilvania.it\/arte\/prodotto\/langelo-che-tutto-vede-pittura\/\" \/>\n<meta property=\"og:locale\" content=\"it_IT\" \/>\n<meta property=\"og:type\" content=\"article\" \/>\n<meta property=\"og:title\" content=\"L&#039;angelo che tutto vede (pittura) , rappresentazione iconografica delle simbologie angeliche\" \/>\n<meta property=\"og:description\" content=\"L&#039;angelo che tutto vede , rappresentazione iconografica delle simbologie angeliche presenti nei testi sacri antichi, da quelli tradizionali a quelli moderni\" \/>\n<meta property=\"og:url\" content=\"https:\/\/amiraditransilvania.it\/arte\/prodotto\/langelo-che-tutto-vede-pittura\/\" \/>\n<meta property=\"og:site_name\" content=\"Amira di Transilvania\" \/>\n<meta property=\"article:modified_time\" content=\"2024-02-16T16:39:51+00:00\" \/>\n<meta property=\"og:image\" content=\"https:\/\/amiraditransilvania.it\/arte\/wp-content\/uploads\/2021\/05\/angelo-v.jpg\" \/>\n\t<meta property=\"og:image:width\" content=\"848\" \/>\n\t<meta property=\"og:image:height\" content=\"1200\" \/>\n\t<meta property=\"og:image:type\" content=\"image\/jpeg\" \/>\n<meta name=\"twitter:card\" content=\"summary_large_image\" \/>\n<meta name=\"twitter:label1\" content=\"Tempo di lettura stimato\" \/>\n\t<meta name=\"twitter:data1\" content=\"2 minuti\" \/>\n<script type=\"application\/ld+json\" class=\"yoast-schema-graph\">{\"@context\":\"https:\\\/\\\/schema.org\",\"@graph\":[{\"@type\":\"WebPage\",\"@id\":\"https:\\\/\\\/amiraditransilvania.it\\\/arte\\\/prodotto\\\/langelo-che-tutto-vede-pittura\\\/\",\"url\":\"https:\\\/\\\/amiraditransilvania.it\\\/arte\\\/prodotto\\\/langelo-che-tutto-vede-pittura\\\/\",\"name\":\"L'angelo che tutto vede (pittura) , rappresentazione iconografica delle simbologie angeliche\",\"isPartOf\":{\"@id\":\"https:\\\/\\\/amiraditransilvania.it\\\/arte\\\/#website\"},\"primaryImageOfPage\":{\"@id\":\"https:\\\/\\\/amiraditransilvania.it\\\/arte\\\/prodotto\\\/langelo-che-tutto-vede-pittura\\\/#primaryimage\"},\"image\":{\"@id\":\"https:\\\/\\\/amiraditransilvania.it\\\/arte\\\/prodotto\\\/langelo-che-tutto-vede-pittura\\\/#primaryimage\"},\"thumbnailUrl\":\"https:\\\/\\\/amiraditransilvania.it\\\/arte\\\/wp-content\\\/uploads\\\/2021\\\/05\\\/angelo-v.jpg\",\"datePublished\":\"2021-05-10T16:39:56+00:00\",\"dateModified\":\"2024-02-16T16:39:51+00:00\",\"description\":\"L'angelo che tutto vede , rappresentazione iconografica delle simbologie angeliche presenti nei testi sacri antichi, da quelli tradizionali a quelli moderni\",\"breadcrumb\":{\"@id\":\"https:\\\/\\\/amiraditransilvania.it\\\/arte\\\/prodotto\\\/langelo-che-tutto-vede-pittura\\\/#breadcrumb\"},\"inLanguage\":\"it-IT\",\"potentialAction\":[{\"@type\":\"ReadAction\",\"target\":[\"https:\\\/\\\/amiraditransilvania.it\\\/arte\\\/prodotto\\\/langelo-che-tutto-vede-pittura\\\/\"]}]},{\"@type\":\"ImageObject\",\"inLanguage\":\"it-IT\",\"@id\":\"https:\\\/\\\/amiraditransilvania.it\\\/arte\\\/prodotto\\\/langelo-che-tutto-vede-pittura\\\/#primaryimage\",\"url\":\"https:\\\/\\\/amiraditransilvania.it\\\/arte\\\/wp-content\\\/uploads\\\/2021\\\/05\\\/angelo-v.jpg\",\"contentUrl\":\"https:\\\/\\\/amiraditransilvania.it\\\/arte\\\/wp-content\\\/uploads\\\/2021\\\/05\\\/angelo-v.jpg\",\"width\":848,\"height\":1200},{\"@type\":\"BreadcrumbList\",\"@id\":\"https:\\\/\\\/amiraditransilvania.it\\\/arte\\\/prodotto\\\/langelo-che-tutto-vede-pittura\\\/#breadcrumb\",\"itemListElement\":[{\"@type\":\"ListItem\",\"position\":1,\"name\":\"Home\",\"item\":\"https:\\\/\\\/amiraditransilvania.it\\\/arte\\\/\"},{\"@type\":\"ListItem\",\"position\":2,\"name\":\"Shop\",\"item\":\"https:\\\/\\\/amiraditransilvania.it\\\/arte\\\/shop\\\/\"},{\"@type\":\"ListItem\",\"position\":3,\"name\":\"L&#8217;angelo che tutto vede (pittura)\"}]},{\"@type\":\"WebSite\",\"@id\":\"https:\\\/\\\/amiraditransilvania.it\\\/arte\\\/#website\",\"url\":\"https:\\\/\\\/amiraditransilvania.it\\\/arte\\\/\",\"name\":\"Amira di Transilvania\",\"description\":\"Store di Amira di Transilvania\",\"publisher\":{\"@id\":\"https:\\\/\\\/amiraditransilvania.it\\\/arte\\\/#\\\/schema\\\/person\\\/578a943433edb2cc80c97438b1edba34\"},\"potentialAction\":[{\"@type\":\"SearchAction\",\"target\":{\"@type\":\"EntryPoint\",\"urlTemplate\":\"https:\\\/\\\/amiraditransilvania.it\\\/arte\\\/?s={search_term_string}\"},\"query-input\":{\"@type\":\"PropertyValueSpecification\",\"valueRequired\":true,\"valueName\":\"search_term_string\"}}],\"inLanguage\":\"it-IT\"},{\"@type\":[\"Person\",\"Organization\"],\"@id\":\"https:\\\/\\\/amiraditransilvania.it\\\/arte\\\/#\\\/schema\\\/person\\\/578a943433edb2cc80c97438b1edba34\",\"name\":\"Amira\",\"image\":{\"@type\":\"ImageObject\",\"inLanguage\":\"it-IT\",\"@id\":\"https:\\\/\\\/amiraditransilvania.it\\\/arte\\\/wp-content\\\/uploads\\\/2023\\\/06\\\/amira-munteanu-bergmann-artista.webp\",\"url\":\"https:\\\/\\\/amiraditransilvania.it\\\/arte\\\/wp-content\\\/uploads\\\/2023\\\/06\\\/amira-munteanu-bergmann-artista.webp\",\"contentUrl\":\"https:\\\/\\\/amiraditransilvania.it\\\/arte\\\/wp-content\\\/uploads\\\/2023\\\/06\\\/amira-munteanu-bergmann-artista.webp\",\"width\":800,\"height\":800,\"caption\":\"Amira\"},\"logo\":{\"@id\":\"https:\\\/\\\/amiraditransilvania.it\\\/arte\\\/wp-content\\\/uploads\\\/2023\\\/06\\\/amira-munteanu-bergmann-artista.webp\"}}]}<\/script>\n<!-- \/ Yoast SEO plugin. -->","yoast_head_json":{"title":"L'angelo che tutto vede (pittura) , rappresentazione iconografica delle simbologie angeliche","description":"L'angelo che tutto vede , rappresentazione iconografica delle simbologie angeliche presenti nei testi sacri antichi, da quelli tradizionali a quelli moderni","robots":{"index":"index","follow":"follow","max-snippet":"max-snippet:-1","max-image-preview":"max-image-preview:large","max-video-preview":"max-video-preview:-1"},"canonical":"https:\/\/amiraditransilvania.it\/arte\/prodotto\/langelo-che-tutto-vede-pittura\/","og_locale":"it_IT","og_type":"article","og_title":"L'angelo che tutto vede (pittura) , rappresentazione iconografica delle simbologie angeliche","og_description":"L'angelo che tutto vede , rappresentazione iconografica delle simbologie angeliche presenti nei testi sacri antichi, da quelli tradizionali a quelli moderni","og_url":"https:\/\/amiraditransilvania.it\/arte\/prodotto\/langelo-che-tutto-vede-pittura\/","og_site_name":"Amira di Transilvania","article_modified_time":"2024-02-16T16:39:51+00:00","og_image":[{"width":848,"height":1200,"url":"https:\/\/amiraditransilvania.it\/arte\/wp-content\/uploads\/2021\/05\/angelo-v.jpg","type":"image\/jpeg"}],"twitter_card":"summary_large_image","twitter_misc":{"Tempo di lettura stimato":"2 minuti"},"schema":{"@context":"https:\/\/schema.org","@graph":[{"@type":"WebPage","@id":"https:\/\/amiraditransilvania.it\/arte\/prodotto\/langelo-che-tutto-vede-pittura\/","url":"https:\/\/amiraditransilvania.it\/arte\/prodotto\/langelo-che-tutto-vede-pittura\/","name":"L'angelo che tutto vede (pittura) , rappresentazione iconografica delle simbologie angeliche","isPartOf":{"@id":"https:\/\/amiraditransilvania.it\/arte\/#website"},"primaryImageOfPage":{"@id":"https:\/\/amiraditransilvania.it\/arte\/prodotto\/langelo-che-tutto-vede-pittura\/#primaryimage"},"image":{"@id":"https:\/\/amiraditransilvania.it\/arte\/prodotto\/langelo-che-tutto-vede-pittura\/#primaryimage"},"thumbnailUrl":"https:\/\/amiraditransilvania.it\/arte\/wp-content\/uploads\/2021\/05\/angelo-v.jpg","datePublished":"2021-05-10T16:39:56+00:00","dateModified":"2024-02-16T16:39:51+00:00","description":"L'angelo che tutto vede , rappresentazione iconografica delle simbologie angeliche presenti nei testi sacri antichi, da quelli tradizionali a quelli moderni","breadcrumb":{"@id":"https:\/\/amiraditransilvania.it\/arte\/prodotto\/langelo-che-tutto-vede-pittura\/#breadcrumb"},"inLanguage":"it-IT","potentialAction":[{"@type":"ReadAction","target":["https:\/\/amiraditransilvania.it\/arte\/prodotto\/langelo-che-tutto-vede-pittura\/"]}]},{"@type":"ImageObject","inLanguage":"it-IT","@id":"https:\/\/amiraditransilvania.it\/arte\/prodotto\/langelo-che-tutto-vede-pittura\/#primaryimage","url":"https:\/\/amiraditransilvania.it\/arte\/wp-content\/uploads\/2021\/05\/angelo-v.jpg","contentUrl":"https:\/\/amiraditransilvania.it\/arte\/wp-content\/uploads\/2021\/05\/angelo-v.jpg","width":848,"height":1200},{"@type":"BreadcrumbList","@id":"https:\/\/amiraditransilvania.it\/arte\/prodotto\/langelo-che-tutto-vede-pittura\/#breadcrumb","itemListElement":[{"@type":"ListItem","position":1,"name":"Home","item":"https:\/\/amiraditransilvania.it\/arte\/"},{"@type":"ListItem","position":2,"name":"Shop","item":"https:\/\/amiraditransilvania.it\/arte\/shop\/"},{"@type":"ListItem","position":3,"name":"L&#8217;angelo che tutto vede (pittura)"}]},{"@type":"WebSite","@id":"https:\/\/amiraditransilvania.it\/arte\/#website","url":"https:\/\/amiraditransilvania.it\/arte\/","name":"Amira di Transilvania","description":"Store di Amira di Transilvania","publisher":{"@id":"https:\/\/amiraditransilvania.it\/arte\/#\/schema\/person\/578a943433edb2cc80c97438b1edba34"},"potentialAction":[{"@type":"SearchAction","target":{"@type":"EntryPoint","urlTemplate":"https:\/\/amiraditransilvania.it\/arte\/?s={search_term_string}"},"query-input":{"@type":"PropertyValueSpecification","valueRequired":true,"valueName":"search_term_string"}}],"inLanguage":"it-IT"},{"@type":["Person","Organization"],"@id":"https:\/\/amiraditransilvania.it\/arte\/#\/schema\/person\/578a943433edb2cc80c97438b1edba34","name":"Amira","image":{"@type":"ImageObject","inLanguage":"it-IT","@id":"https:\/\/amiraditransilvania.it\/arte\/wp-content\/uploads\/2023\/06\/amira-munteanu-bergmann-artista.webp","url":"https:\/\/amiraditransilvania.it\/arte\/wp-content\/uploads\/2023\/06\/amira-munteanu-bergmann-artista.webp","contentUrl":"https:\/\/amiraditransilvania.it\/arte\/wp-content\/uploads\/2023\/06\/amira-munteanu-bergmann-artista.webp","width":800,"height":800,"caption":"Amira"},"logo":{"@id":"https:\/\/amiraditransilvania.it\/arte\/wp-content\/uploads\/2023\/06\/amira-munteanu-bergmann-artista.webp"}}]}},"_links":{"self":[{"href":"https:\/\/amiraditransilvania.it\/arte\/wp-json\/wp\/v2\/product\/841","targetHints":{"allow":["GET"]}}],"collection":[{"href":"https:\/\/amiraditransilvania.it\/arte\/wp-json\/wp\/v2\/product"}],"about":[{"href":"https:\/\/amiraditransilvania.it\/arte\/wp-json\/wp\/v2\/types\/product"}],"replies":[{"embeddable":true,"href":"https:\/\/amiraditransilvania.it\/arte\/wp-json\/wp\/v2\/comments?post=841"}],"wp:featuredmedia":[{"embeddable":true,"href":"https:\/\/amiraditransilvania.it\/arte\/wp-json\/wp\/v2\/media\/937"}],"wp:attachment":[{"href":"https:\/\/amiraditransilvania.it\/arte\/wp-json\/wp\/v2\/media?parent=841"}],"wp:term":[{"taxonomy":"product_brand","embeddable":true,"href":"https:\/\/amiraditransilvania.it\/arte\/wp-json\/wp\/v2\/product_brand?post=841"},{"taxonomy":"product_cat","embeddable":true,"href":"https:\/\/amiraditransilvania.it\/arte\/wp-json\/wp\/v2\/product_cat?post=841"},{"taxonomy":"product_tag","embeddable":true,"href":"https:\/\/amiraditransilvania.it\/arte\/wp-json\/wp\/v2\/product_tag?post=841"}],"curies":[{"name":"wp","href":"https:\/\/api.w.org\/{rel}","templated":true}]}}