{"id":950,"date":"2021-05-10T16:42:55","date_gmt":"2021-05-10T16:42:55","guid":{"rendered":"http:\/\/localhost:8080\/?post_type=product&#038;p=950"},"modified":"2023-07-04T14:11:37","modified_gmt":"2023-07-04T14:11:37","slug":"il-miracolo-di-sara-serigrafie","status":"publish","type":"product","link":"https:\/\/amiraditransilvania.it\/arte\/prodotto\/il-miracolo-di-sara-serigrafie\/","title":{"rendered":"Il miracolo di Sara (serigrafie)"},"content":{"rendered":"<h2><a href=\"https:\/\/www.amiraditransilvania.it\/wp-content\/uploads\/2017\/05\/miracolo-di-Sara.jpg\"><img loading=\"lazy\" decoding=\"async\" class=\"alignnone size-full wp-image-6080\" src=\"https:\/\/www.amiraditransilvania.it\/wp-content\/uploads\/2017\/05\/miracolo-di-Sara.jpg\" alt=\"\" width=\"848\" height=\"1200\" \/><\/a><\/h2>\n<h2>Il miracolo di Sara (serigrafie)<\/h2>\n<p>DETTAGLI dell&#8217;opera &#8221;\u00a0Il miracolo di Sara (serigrafie)<\/p>\n<p>TECNICA : silkscreen media painting, serigrafie su tela , opera unica.<\/p>\n<p>Anno : 2009.<\/p>\n<p>I colori acrilici con i quali vengono fatti gli interventi a mano sono a volte fluorescenti o irridiscenti . Ogni opera multipla ha degli interventi manuali. \u00a0Questo conferma autenticit\u00e0 e unicit\u00e0 all&#8217;opera.<\/p>\n<p>DIMENSIONI : diametro 60 x 40 cm \u00a0(senza telaio)<\/p>\n<p>Per qualsiasi altra informazione, o se desiderate una misura dell\u2019opera diversa da quella che leggete, \u00a0non esitate a contattarmi .<\/p>\n<p>L&#8217;opera verr\u00e0 spedita arrotolata e senza telaio\u00a0per evitare il danneggiamento durante il trasporto, come potete vedere nelle immagini descrittive.<\/p>\n<p>Sar\u00e0 accompagnata da \u00a0:<\/p>\n<p>Il Certificato di garanzia sull&#8217;autenticit\u00e0 con il numero di archivio firmato\u00a0dall&#8217;artista.<\/p>\n<p>Il Certificato di merce a fini doganali per il quale la produzione supporta le spese logistiche.<\/p>\n<h2>Concetto :<\/h2>\n<p>Questa serie di dipinti racconta in una chiave diversa i testi sacri tradizionali dal vecchio al nuovo testamento canonico. Tuttavia l<u>a ricerca<\/u>\u00a0delle simbologie rissale alle fonti prima del 1749 quando fu inventata la tipografia. La VIS COMBINATORIA \u00e8 la scienza preenciclopedica del mondo della natura carica di significati simbolici di tale densit\u00e0 da non essere pi\u00f9 percepibili al visitatore moderno che oramai non \u00e8 pi\u00f9 abituato ad un&#8217;arte con valenze particolarmente arcaiche e caratteristiche che richiamano lo studio comparativo sulle religioni)<\/p>\n<p>&nbsp;<\/p>\n<h2>LE OPERE SERIGRAFICHE<\/h2>\n<p>In questa categoria potette acquistare delle opere d\u2019arte realizzate con la famosa tecnica\u00a0della SERIGRAFIA, un metodo attualissimo e molto ricercato dai collezionisti.<\/p>\n<p>Diffusa nel arte da Andy Warhol che ritrae per la prima volta la Marilyn Monroe. Dall\u2019ora la serigrafia numerata \u00e8 stata abbracciata da tutti gli artisti\u00a0negli anni successivi diventando un trend tuttora in voga.<\/p>\n<p>Ogni opera mantiene esattamente le caratteristiche dell\u2019opera originale che, in maggior parte dei casi\u00a0\u00e8 stata gi\u00e0 acquistata ad un prezzo spesso\u00a0 10 volte superiore in quanto esemplare unico.<\/p>\n<p>La serigrafia \u00a0invece ha il vantaggio di essere molto meno costosa ,ma allo stesso tempo un\u2019opera originale in quanto numerate accompagnata da un certificato di archivio e firma originale dell\u2019artista.<\/p>\n<p>Spesso le opere serigrafiche hanno ritocchi manuali e personalizzati da parte dell\u2019autore\u00a0in modo da rendere unico ogni esemplare nonostante si tratti di una piccola serie.<\/p>\n<p>Le serigrafie che mettiamo a disposizione sono serie limitata di 10 esemplari   una prova d\u2019artista.<\/p>\n<h2><\/h2>\n<p class=\"wpcf7-contact-form-not-found\"><strong>Errore:<\/strong> Modulo di contatto non trovato.<\/p>\n","protected":false},"excerpt":{"rendered":"<p>Il miracolo di Sara (serigrafie) DETTAGLI dell&#8217;opera &#8221;\u00a0Il miracolo di Sara (serigrafie) TECNICA : silkscreen media painting, serigrafie su tela , opera unica. Anno : 2009. I colori acrilici con i quali vengono fatti gli interventi a mano sono a volte fluorescenti o irridiscenti . Ogni opera multipla ha degli interventi manuali. \u00a0Questo conferma autenticit\u00e0 [&hellip;]<\/p>\n","protected":false},"featured_media":990,"comment_status":"open","ping_status":"closed","template":"","meta":{"_acf_changed":false},"product_brand":[],"product_cat":[55,113],"product_tag":[217,215,225,233,234,218,216,223,224,230,229,228,227,226,231,219,221,220,222,232],"class_list":{"0":"post-950","1":"product","2":"type-product","3":"status-publish","4":"has-post-thumbnail","6":"product_cat-opere-multiple","7":"product_cat-libris-populi","8":"product_tag-arte","9":"product_tag-arte-contemporanea","10":"product_tag-arte-contemporanea-milano","11":"product_tag-arte-nft","12":"product_tag-arte-originale","13":"product_tag-artista","14":"product_tag-artista-contemporaneo","15":"product_tag-artista-italiano","16":"product_tag-artista-milano","17":"product_tag-il-quadro-piu-costoso","18":"product_tag-lartista-italiano-piu-famoso","19":"product_tag-lartista-italiano-piu-venduto","20":"product_tag-lartista-piu-famoso","21":"product_tag-lartista-piu-venduto","22":"product_tag-multipli-dautore","23":"product_tag-pittore","24":"product_tag-pittore-contemporaneo","25":"product_tag-pittrice","26":"product_tag-pittrice-contemporanea","27":"product_tag-serigrafie-dautore","29":"first","30":"instock","31":"taxable","32":"shipping-taxable","33":"purchasable","34":"product-type-simple"},"acf":[],"yoast_head":"<!-- This site is optimized with the Yoast SEO plugin v27.5 - https:\/\/yoast.com\/product\/yoast-seo-wordpress\/ -->\n<title>Il miracolo di Sara Questa serie di dipinti racconta in una chiave diversa i testi sacri tradizionali dal vecchio al nuovo testamento canonico.<\/title>\n<meta name=\"description\" content=\"Il miracolo di Sara.. Questa serie di dipinti racconta in una chiave diversa i testi sacri tradizionali dal vecchio al nuovo testamento.\" \/>\n<meta name=\"robots\" content=\"index, follow, max-snippet:-1, max-image-preview:large, max-video-preview:-1\" \/>\n<link rel=\"canonical\" href=\"https:\/\/amiraditransilvania.it\/arte\/prodotto\/il-miracolo-di-sara-serigrafie\/\" \/>\n<meta property=\"og:locale\" content=\"it_IT\" \/>\n<meta property=\"og:type\" content=\"article\" \/>\n<meta property=\"og:title\" content=\"Il miracolo di Sara Questa serie di dipinti racconta in una chiave diversa i testi sacri tradizionali dal vecchio al nuovo testamento canonico.\" \/>\n<meta property=\"og:description\" content=\"Il miracolo di Sara.. Questa serie di dipinti racconta in una chiave diversa i testi sacri tradizionali dal vecchio al nuovo testamento.\" \/>\n<meta property=\"og:url\" content=\"https:\/\/amiraditransilvania.it\/arte\/prodotto\/il-miracolo-di-sara-serigrafie\/\" \/>\n<meta property=\"og:site_name\" content=\"Amira di Transilvania\" \/>\n<meta property=\"article:modified_time\" content=\"2023-07-04T14:11:37+00:00\" \/>\n<meta property=\"og:image\" content=\"https:\/\/amiraditransilvania.it\/arte\/wp-content\/uploads\/2021\/05\/miracolo-di-Sara.jpg\" \/>\n\t<meta property=\"og:image:width\" content=\"848\" \/>\n\t<meta property=\"og:image:height\" content=\"1200\" \/>\n\t<meta property=\"og:image:type\" content=\"image\/jpeg\" \/>\n<meta name=\"twitter:card\" content=\"summary_large_image\" \/>\n<meta name=\"twitter:label1\" content=\"Tempo di lettura stimato\" \/>\n\t<meta name=\"twitter:data1\" content=\"2 minuti\" \/>\n<script type=\"application\/ld+json\" class=\"yoast-schema-graph\">{\"@context\":\"https:\\\/\\\/schema.org\",\"@graph\":[{\"@type\":\"WebPage\",\"@id\":\"https:\\\/\\\/amiraditransilvania.it\\\/arte\\\/prodotto\\\/il-miracolo-di-sara-serigrafie\\\/\",\"url\":\"https:\\\/\\\/amiraditransilvania.it\\\/arte\\\/prodotto\\\/il-miracolo-di-sara-serigrafie\\\/\",\"name\":\"Il miracolo di Sara Questa serie di dipinti racconta in una chiave diversa i testi sacri tradizionali dal vecchio al nuovo testamento canonico.\",\"isPartOf\":{\"@id\":\"https:\\\/\\\/amiraditransilvania.it\\\/arte\\\/#website\"},\"primaryImageOfPage\":{\"@id\":\"https:\\\/\\\/amiraditransilvania.it\\\/arte\\\/prodotto\\\/il-miracolo-di-sara-serigrafie\\\/#primaryimage\"},\"image\":{\"@id\":\"https:\\\/\\\/amiraditransilvania.it\\\/arte\\\/prodotto\\\/il-miracolo-di-sara-serigrafie\\\/#primaryimage\"},\"thumbnailUrl\":\"https:\\\/\\\/amiraditransilvania.it\\\/arte\\\/wp-content\\\/uploads\\\/2021\\\/05\\\/miracolo-di-Sara.jpg\",\"datePublished\":\"2021-05-10T16:42:55+00:00\",\"dateModified\":\"2023-07-04T14:11:37+00:00\",\"description\":\"Il miracolo di Sara.. Questa serie di dipinti racconta in una chiave diversa i testi sacri tradizionali dal vecchio al nuovo testamento.\",\"breadcrumb\":{\"@id\":\"https:\\\/\\\/amiraditransilvania.it\\\/arte\\\/prodotto\\\/il-miracolo-di-sara-serigrafie\\\/#breadcrumb\"},\"inLanguage\":\"it-IT\",\"potentialAction\":[{\"@type\":\"ReadAction\",\"target\":[\"https:\\\/\\\/amiraditransilvania.it\\\/arte\\\/prodotto\\\/il-miracolo-di-sara-serigrafie\\\/\"]}]},{\"@type\":\"ImageObject\",\"inLanguage\":\"it-IT\",\"@id\":\"https:\\\/\\\/amiraditransilvania.it\\\/arte\\\/prodotto\\\/il-miracolo-di-sara-serigrafie\\\/#primaryimage\",\"url\":\"https:\\\/\\\/amiraditransilvania.it\\\/arte\\\/wp-content\\\/uploads\\\/2021\\\/05\\\/miracolo-di-Sara.jpg\",\"contentUrl\":\"https:\\\/\\\/amiraditransilvania.it\\\/arte\\\/wp-content\\\/uploads\\\/2021\\\/05\\\/miracolo-di-Sara.jpg\",\"width\":848,\"height\":1200},{\"@type\":\"BreadcrumbList\",\"@id\":\"https:\\\/\\\/amiraditransilvania.it\\\/arte\\\/prodotto\\\/il-miracolo-di-sara-serigrafie\\\/#breadcrumb\",\"itemListElement\":[{\"@type\":\"ListItem\",\"position\":1,\"name\":\"Home\",\"item\":\"https:\\\/\\\/amiraditransilvania.it\\\/arte\\\/\"},{\"@type\":\"ListItem\",\"position\":2,\"name\":\"Shop\",\"item\":\"https:\\\/\\\/amiraditransilvania.it\\\/arte\\\/shop\\\/\"},{\"@type\":\"ListItem\",\"position\":3,\"name\":\"Il miracolo di Sara (serigrafie)\"}]},{\"@type\":\"WebSite\",\"@id\":\"https:\\\/\\\/amiraditransilvania.it\\\/arte\\\/#website\",\"url\":\"https:\\\/\\\/amiraditransilvania.it\\\/arte\\\/\",\"name\":\"Amira di Transilvania\",\"description\":\"Store di Amira di Transilvania\",\"publisher\":{\"@id\":\"https:\\\/\\\/amiraditransilvania.it\\\/arte\\\/#\\\/schema\\\/person\\\/578a943433edb2cc80c97438b1edba34\"},\"potentialAction\":[{\"@type\":\"SearchAction\",\"target\":{\"@type\":\"EntryPoint\",\"urlTemplate\":\"https:\\\/\\\/amiraditransilvania.it\\\/arte\\\/?s={search_term_string}\"},\"query-input\":{\"@type\":\"PropertyValueSpecification\",\"valueRequired\":true,\"valueName\":\"search_term_string\"}}],\"inLanguage\":\"it-IT\"},{\"@type\":[\"Person\",\"Organization\"],\"@id\":\"https:\\\/\\\/amiraditransilvania.it\\\/arte\\\/#\\\/schema\\\/person\\\/578a943433edb2cc80c97438b1edba34\",\"name\":\"Amira\",\"image\":{\"@type\":\"ImageObject\",\"inLanguage\":\"it-IT\",\"@id\":\"https:\\\/\\\/amiraditransilvania.it\\\/arte\\\/wp-content\\\/uploads\\\/2023\\\/06\\\/amira-munteanu-bergmann-artista.webp\",\"url\":\"https:\\\/\\\/amiraditransilvania.it\\\/arte\\\/wp-content\\\/uploads\\\/2023\\\/06\\\/amira-munteanu-bergmann-artista.webp\",\"contentUrl\":\"https:\\\/\\\/amiraditransilvania.it\\\/arte\\\/wp-content\\\/uploads\\\/2023\\\/06\\\/amira-munteanu-bergmann-artista.webp\",\"width\":800,\"height\":800,\"caption\":\"Amira\"},\"logo\":{\"@id\":\"https:\\\/\\\/amiraditransilvania.it\\\/arte\\\/wp-content\\\/uploads\\\/2023\\\/06\\\/amira-munteanu-bergmann-artista.webp\"}}]}<\/script>\n<!-- \/ Yoast SEO plugin. -->","yoast_head_json":{"title":"Il miracolo di Sara Questa serie di dipinti racconta in una chiave diversa i testi sacri tradizionali dal vecchio al nuovo testamento canonico.","description":"Il miracolo di Sara.. Questa serie di dipinti racconta in una chiave diversa i testi sacri tradizionali dal vecchio al nuovo testamento.","robots":{"index":"index","follow":"follow","max-snippet":"max-snippet:-1","max-image-preview":"max-image-preview:large","max-video-preview":"max-video-preview:-1"},"canonical":"https:\/\/amiraditransilvania.it\/arte\/prodotto\/il-miracolo-di-sara-serigrafie\/","og_locale":"it_IT","og_type":"article","og_title":"Il miracolo di Sara Questa serie di dipinti racconta in una chiave diversa i testi sacri tradizionali dal vecchio al nuovo testamento canonico.","og_description":"Il miracolo di Sara.. Questa serie di dipinti racconta in una chiave diversa i testi sacri tradizionali dal vecchio al nuovo testamento.","og_url":"https:\/\/amiraditransilvania.it\/arte\/prodotto\/il-miracolo-di-sara-serigrafie\/","og_site_name":"Amira di Transilvania","article_modified_time":"2023-07-04T14:11:37+00:00","og_image":[{"width":848,"height":1200,"url":"https:\/\/amiraditransilvania.it\/arte\/wp-content\/uploads\/2021\/05\/miracolo-di-Sara.jpg","type":"image\/jpeg"}],"twitter_card":"summary_large_image","twitter_misc":{"Tempo di lettura stimato":"2 minuti"},"schema":{"@context":"https:\/\/schema.org","@graph":[{"@type":"WebPage","@id":"https:\/\/amiraditransilvania.it\/arte\/prodotto\/il-miracolo-di-sara-serigrafie\/","url":"https:\/\/amiraditransilvania.it\/arte\/prodotto\/il-miracolo-di-sara-serigrafie\/","name":"Il miracolo di Sara Questa serie di dipinti racconta in una chiave diversa i testi sacri tradizionali dal vecchio al nuovo testamento canonico.","isPartOf":{"@id":"https:\/\/amiraditransilvania.it\/arte\/#website"},"primaryImageOfPage":{"@id":"https:\/\/amiraditransilvania.it\/arte\/prodotto\/il-miracolo-di-sara-serigrafie\/#primaryimage"},"image":{"@id":"https:\/\/amiraditransilvania.it\/arte\/prodotto\/il-miracolo-di-sara-serigrafie\/#primaryimage"},"thumbnailUrl":"https:\/\/amiraditransilvania.it\/arte\/wp-content\/uploads\/2021\/05\/miracolo-di-Sara.jpg","datePublished":"2021-05-10T16:42:55+00:00","dateModified":"2023-07-04T14:11:37+00:00","description":"Il miracolo di Sara.. Questa serie di dipinti racconta in una chiave diversa i testi sacri tradizionali dal vecchio al nuovo testamento.","breadcrumb":{"@id":"https:\/\/amiraditransilvania.it\/arte\/prodotto\/il-miracolo-di-sara-serigrafie\/#breadcrumb"},"inLanguage":"it-IT","potentialAction":[{"@type":"ReadAction","target":["https:\/\/amiraditransilvania.it\/arte\/prodotto\/il-miracolo-di-sara-serigrafie\/"]}]},{"@type":"ImageObject","inLanguage":"it-IT","@id":"https:\/\/amiraditransilvania.it\/arte\/prodotto\/il-miracolo-di-sara-serigrafie\/#primaryimage","url":"https:\/\/amiraditransilvania.it\/arte\/wp-content\/uploads\/2021\/05\/miracolo-di-Sara.jpg","contentUrl":"https:\/\/amiraditransilvania.it\/arte\/wp-content\/uploads\/2021\/05\/miracolo-di-Sara.jpg","width":848,"height":1200},{"@type":"BreadcrumbList","@id":"https:\/\/amiraditransilvania.it\/arte\/prodotto\/il-miracolo-di-sara-serigrafie\/#breadcrumb","itemListElement":[{"@type":"ListItem","position":1,"name":"Home","item":"https:\/\/amiraditransilvania.it\/arte\/"},{"@type":"ListItem","position":2,"name":"Shop","item":"https:\/\/amiraditransilvania.it\/arte\/shop\/"},{"@type":"ListItem","position":3,"name":"Il miracolo di Sara (serigrafie)"}]},{"@type":"WebSite","@id":"https:\/\/amiraditransilvania.it\/arte\/#website","url":"https:\/\/amiraditransilvania.it\/arte\/","name":"Amira di Transilvania","description":"Store di Amira di Transilvania","publisher":{"@id":"https:\/\/amiraditransilvania.it\/arte\/#\/schema\/person\/578a943433edb2cc80c97438b1edba34"},"potentialAction":[{"@type":"SearchAction","target":{"@type":"EntryPoint","urlTemplate":"https:\/\/amiraditransilvania.it\/arte\/?s={search_term_string}"},"query-input":{"@type":"PropertyValueSpecification","valueRequired":true,"valueName":"search_term_string"}}],"inLanguage":"it-IT"},{"@type":["Person","Organization"],"@id":"https:\/\/amiraditransilvania.it\/arte\/#\/schema\/person\/578a943433edb2cc80c97438b1edba34","name":"Amira","image":{"@type":"ImageObject","inLanguage":"it-IT","@id":"https:\/\/amiraditransilvania.it\/arte\/wp-content\/uploads\/2023\/06\/amira-munteanu-bergmann-artista.webp","url":"https:\/\/amiraditransilvania.it\/arte\/wp-content\/uploads\/2023\/06\/amira-munteanu-bergmann-artista.webp","contentUrl":"https:\/\/amiraditransilvania.it\/arte\/wp-content\/uploads\/2023\/06\/amira-munteanu-bergmann-artista.webp","width":800,"height":800,"caption":"Amira"},"logo":{"@id":"https:\/\/amiraditransilvania.it\/arte\/wp-content\/uploads\/2023\/06\/amira-munteanu-bergmann-artista.webp"}}]}},"_links":{"self":[{"href":"https:\/\/amiraditransilvania.it\/arte\/wp-json\/wp\/v2\/product\/950","targetHints":{"allow":["GET"]}}],"collection":[{"href":"https:\/\/amiraditransilvania.it\/arte\/wp-json\/wp\/v2\/product"}],"about":[{"href":"https:\/\/amiraditransilvania.it\/arte\/wp-json\/wp\/v2\/types\/product"}],"replies":[{"embeddable":true,"href":"https:\/\/amiraditransilvania.it\/arte\/wp-json\/wp\/v2\/comments?post=950"}],"wp:featuredmedia":[{"embeddable":true,"href":"https:\/\/amiraditransilvania.it\/arte\/wp-json\/wp\/v2\/media\/990"}],"wp:attachment":[{"href":"https:\/\/amiraditransilvania.it\/arte\/wp-json\/wp\/v2\/media?parent=950"}],"wp:term":[{"taxonomy":"product_brand","embeddable":true,"href":"https:\/\/amiraditransilvania.it\/arte\/wp-json\/wp\/v2\/product_brand?post=950"},{"taxonomy":"product_cat","embeddable":true,"href":"https:\/\/amiraditransilvania.it\/arte\/wp-json\/wp\/v2\/product_cat?post=950"},{"taxonomy":"product_tag","embeddable":true,"href":"https:\/\/amiraditransilvania.it\/arte\/wp-json\/wp\/v2\/product_tag?post=950"}],"curies":[{"name":"wp","href":"https:\/\/api.w.org\/{rel}","templated":true}]}}