{"id":3328,"date":"2023-04-15T08:52:38","date_gmt":"2023-04-15T08:52:38","guid":{"rendered":"https:\/\/amiraditransilvania.it\/moda\/?page_id=3328"},"modified":"2023-06-23T12:24:09","modified_gmt":"2023-06-23T12:24:09","slug":"termini-e-condizioni","status":"publish","type":"page","link":"https:\/\/amiraditransilvania.it\/moda\/termini-e-condizioni\/","title":{"rendered":"Termini e Condizioni"},"content":{"rendered":"<div class=\"contentgroup__heading \">\n<h2>Termini e Condizioni<\/h2>\n<\/div>\n<div class=\"contentgroup__body \">\n<p>L&#8217;imprenditore artigiano colui che esercita personalmente, professionalmente e in qualit\u00e0 di titolare, l\u2019impresa artigiana, assumendone la piena responsabilit\u00e0 con tutti gli oneri ed i rischi inerenti alla sua gestione e svolgendo in misura prevalente il proprio lavoro, anche manuale, nel processo produttivo.<br \/>\nTutti i prodotti che vedete in esposizione nel nostro Shop sono interamente realizzati a mano perci\u00f2 la nostra politica di vendita si basa su COMMESSA; ci\u00f2 non toglie che ci possa essere disponibilit\u00e0 in magazzino di un determinato modello, in tal caso troverete sul nostro shop la voce &#8220;disponibile&#8221; e le relative quantit\u00e0.<br \/>\nPi\u00f9 che di fare ordini, si tratta di pre-ordinare, ci\u00f2 vuol dire che baster\u00e0 inserire nel carrello il prodotto e concludere il pagamento; al termine della procedura l&#8217;ordine verr\u00e0 trasmesso a Amira Monteanu per essere elaborato.<br \/>\nAmira Monteanu proceder\u00e0 con l&#8217;elaborazione degli ordini seguendo una lista d&#8217;attesa e provvedendo alla realizzazione del prodotto mantenendo parola dei tempi sottoscritti: i tempi di realizzazioni di un prodotto sono mediamente di 2 SETTIMANE, esclusi i tempi di consegna che variano da 2 a 4 gg lavorativi.<br \/>\nVerificato il pagamento, verr\u00e0 emessa la fattura elettronica e inviata all&#8217;indirizzo mail da voi fornito al momento dell&#8217;ordine. (ci teniamo a specificare che \u00e8 NECESSARIO inserire tutti i dati richiesti al momento dell&#8217;ordine, al fine di garantire un corretto svolgimento di esso).<br \/>\nNon appena l&#8217;ordine sar\u00e0 pronto verr\u00e0 spedito e verrete aggiornati dello stato di spedizione attraverso un track speditovi via mail.<br \/>\nTale ordine, non potr\u00e0 essere modificato o cancellato se non contattando il Servizio Clienti tramite e-mail al seguente indirizzo: sephiroth_production@yahoo.it .<\/p>\n<p>Politica sulla riservatezza<\/p>\n<p>Il sito https:\/\/amiraditransilvania.it\/moda\/ \u00e8 di propriet\u00e0 di Amira Monteanu, titolare del trattamento dei Suoi dati personali.<\/p>\n<p>Abbiamo adottato questa politica sulla privacy, la quale determina il trattamento delle informazioni raccolte da https:\/\/amiraditransilvania.it\/moda\/, oltre che i motivi per raccolta di certi dati personali a Lei correlati. Pertanto, deve leggere questa politica sulla riservatezza prima di usare il sito https:\/\/amiraditransilvania.it\/moda\/.<\/p>\n<p>Trattiamo i Suoi dati personali e garantiamo riservatezza e sicurezza degli stessi.<\/p>\n<p>Informazioni personali raccolte:<\/p>\n<p>Quando visita https:\/\/amiraditransilvania.it\/moda\/, raccogliamo automaticamente certe informazioni sul dispositivo, incluse informazioni su browser web, indirizzo IP, fuso orario e cookie installati sul dispositivo. Inoltre, navigando sul sito, raccogliamo informazioni sulle pagine web o i prodotti visualizzati, siti web o termini di ricerca di riferimento verso il sito e come Lei interagisce con il sito. Indichiamo tali informazioni raccolte automaticamente come \u201cinformazioni sul dispositivo\u201d. Inoltre, potremmo raccogliere dati personali che ci fornisce (inclusi senza limitazione nome, cognome, indirizzo, informazioni di pagamento ecc.) durante la registrazione per soddisfare l&#8217;accordo.<\/p>\n<p>Perch\u00e9 trattiamo i dati?<\/p>\n<p>La sicurezza dei dati dei clienti \u00e8 una nostra priorit\u00e0, pertanto trattiamo solo i dati degli utenti strettamente necessari per gestire il sito. Le informazioni raccolte automaticamente vengono utilizzate solo per identificare casi potenziali di abuso e stabilire statistiche sull&#8217;uso del sito. Queste informazioni statistiche non sono aggregate in modo da identificare un utente specifico del sistema.<\/p>\n<p>Le \u00e8 consentito visitare il sito senza rivelare informazioni, tramite le quali potrebbe essere identificato personalmente. Se, tuttavia, desidera utilizzare alcune delle funzioni del sito, o desidera ricevere newsletter o fornire altri dettagli compilando un modulo, potrebbe doverci fornire dati personali come email, nome, cognome, citt\u00e0 di residenza, organizzazione e numero di telefono. Pu\u00f2 scegliere di non fornire dati personali, tuttavia in tal caso non potr\u00e0 usufruire di alcune funzioni del sito. Per esempio, non potr\u00e0 ricevere la nostra newsletter o contattarci direttamente dal sito. Gli utenti che non sanno quali informazioni sono obbligatorie, possono contattarci a sephiroth_production@yahoo.it.<\/p>\n<p>I Suoi diritti:<\/p>\n<p>Se \u00e8 residente nell&#8217;Unione Europea, dispone dei seguenti diritti sui dati personali:<\/p>\n<p>Il diritto di essere informato.<br \/>\nIl diritto all&#8217;accesso.<br \/>\nIl diritto di modifica.<br \/>\nIl diritto di eliminazione.<br \/>\nIl diritto di limitazione del trattamento.<br \/>\nIl diritto di portabilit\u00e0 dei dati.<br \/>\nIl diritto di obiezione.<br \/>\nIl diritto in relazione a decisione e profilazione automatizzata.<br \/>\nPer esercitare questi diritti, si prega di contattarci tramite le informazioni di contatto sotto.<\/p>\n<p>Inoltre, se \u00e8 residente nell&#8217;Unione Europea, trattiamo le Sue informazioni al fine di stipulare i contratti con Lei (per esempio, in caso di ordine tramite il sito), o soddisfare in altro modo i nostri interessi commerciali legittimi indicati sopra. Ancora, notare che le informazioni possono essere trasferite fuori dall&#8217;Europa, incluso in Canada e negli Stati Uniti.<\/p>\n<p>Collegamenti ad altri siti:<\/p>\n<p>Il nostro sito potrebbe contenere collegamenti ad altri siti non gestiti o controllati da noi. Notare che non siamo responsabili per le pratiche sulla riservatezza di altri siti o di terzi. Invitiamo a prestare attenzione nel caso in cui si esca dal sito e leggere le dichiarazioni sulla riservatezza di ogni sito che potrebbe raccogliere informazioni personali.<\/p>\n<p>Sicurezza delle informazioni:<\/p>\n<p>Proteggiamo le informazioni fornite su server informatici controllati, un ambiente sicuro protetto da accesso, uso o divulgazione non autorizzata. Adottiamo sistemi di protezione fisica, tecnica e amministrativa ragionevoli per proteggere da accesso, uso, modifica e divulgazione non autorizzata delle informazioni personali in nostro possesso. Nonostante ci\u00f2, nessuna trasmissione dei dati tramite Internet o rete wireless pu\u00f2 essere completamente garantita come sicura.<\/p>\n<p>Avvertenza legale:<\/p>\n<p>Divulgheremo informazioni raccolte, usate o ricevute se richiesto o consentito dalla legge, come per rispettare ordini di tribunali o procedure legali simili, oltre che nel caso in cui riteniamo in buona fede che la divulgazione sia necessaria per proteggere i nostri diritti, proteggere la Sua sicurezza o la sicurezza di altri, investigare frode o rispondere a richieste governative.<\/p>\n<p>Informazioni di contatto:<\/p>\n<p>Per qualsiasi questione correlata ai diritti individuali o alle informazioni personali, pu\u00f2 inviare un&#8217;email a sephiroth_production@yahoo.it.<\/p>\n<\/div>\n","protected":false},"excerpt":{"rendered":"<p>Termini e Condizioni L&#8217;imprenditore artigiano colui che esercita personalmente, professionalmente e in qualit\u00e0 di titolare, l\u2019impresa artigiana, assumendone la piena responsabilit\u00e0 con tutti gli oneri ed i rischi inerenti alla sua gestione e svolgendo in misura prevalente il proprio lavoro, anche manuale, nel processo produttivo. Tutti i prodotti che vedete in esposizione nel nostro Shop [&hellip;]<\/p>\n","protected":false},"author":1,"featured_media":0,"parent":0,"menu_order":0,"comment_status":"closed","ping_status":"closed","template":"","meta":{"_acf_changed":false,"footnotes":""},"class_list":["post-3328","page","type-page","status-publish","hentry"],"acf":[],"yoast_head":"<!-- This site is optimized with the Yoast SEO plugin v26.7 - https:\/\/yoast.com\/wordpress\/plugins\/seo\/ -->\n<title>Termini e Condizioni - Amira di Transilvania<\/title>\n<meta name=\"robots\" content=\"index, follow, max-snippet:-1, max-image-preview:large, max-video-preview:-1\" \/>\n<link rel=\"canonical\" href=\"https:\/\/amiraditransilvania.it\/moda\/termini-e-condizioni\/\" \/>\n<meta property=\"og:locale\" content=\"it_IT\" \/>\n<meta property=\"og:type\" content=\"article\" \/>\n<meta property=\"og:title\" content=\"Termini e Condizioni - Amira di Transilvania\" \/>\n<meta property=\"og:description\" content=\"Termini e Condizioni L&#8217;imprenditore artigiano colui che esercita personalmente, professionalmente e in qualit\u00e0 di titolare, l\u2019impresa artigiana, assumendone la piena responsabilit\u00e0 con tutti gli oneri ed i rischi inerenti alla sua gestione e svolgendo in misura prevalente il proprio lavoro, anche manuale, nel processo produttivo. Tutti i prodotti che vedete in esposizione nel nostro Shop [&hellip;]\" \/>\n<meta property=\"og:url\" content=\"https:\/\/amiraditransilvania.it\/moda\/termini-e-condizioni\/\" \/>\n<meta property=\"og:site_name\" content=\"Amira di Transilvania\" \/>\n<meta property=\"article:modified_time\" content=\"2023-06-23T12:24:09+00:00\" \/>\n<meta name=\"twitter:card\" content=\"summary_large_image\" \/>\n<meta name=\"twitter:label1\" content=\"Tempo di lettura stimato\" \/>\n\t<meta name=\"twitter:data1\" content=\"5 minuti\" \/>\n<script type=\"application\/ld+json\" class=\"yoast-schema-graph\">{\"@context\":\"https:\/\/schema.org\",\"@graph\":[{\"@type\":\"WebPage\",\"@id\":\"https:\/\/amiraditransilvania.it\/moda\/termini-e-condizioni\/\",\"url\":\"https:\/\/amiraditransilvania.it\/moda\/termini-e-condizioni\/\",\"name\":\"Termini e Condizioni - Amira di Transilvania\",\"isPartOf\":{\"@id\":\"https:\/\/amiraditransilvania.it\/moda\/#website\"},\"datePublished\":\"2023-04-15T08:52:38+00:00\",\"dateModified\":\"2023-06-23T12:24:09+00:00\",\"breadcrumb\":{\"@id\":\"https:\/\/amiraditransilvania.it\/moda\/termini-e-condizioni\/#breadcrumb\"},\"inLanguage\":\"it-IT\",\"potentialAction\":[{\"@type\":\"ReadAction\",\"target\":[\"https:\/\/amiraditransilvania.it\/moda\/termini-e-condizioni\/\"]}]},{\"@type\":\"BreadcrumbList\",\"@id\":\"https:\/\/amiraditransilvania.it\/moda\/termini-e-condizioni\/#breadcrumb\",\"itemListElement\":[{\"@type\":\"ListItem\",\"position\":1,\"name\":\"Home\",\"item\":\"https:\/\/amiraditransilvania.it\/moda\/\"},{\"@type\":\"ListItem\",\"position\":2,\"name\":\"Termini e Condizioni\"}]},{\"@type\":\"WebSite\",\"@id\":\"https:\/\/amiraditransilvania.it\/moda\/#website\",\"url\":\"https:\/\/amiraditransilvania.it\/moda\/\",\"name\":\"Amira di Transilvania\",\"description\":\"Store di Amira di Transilvania\",\"potentialAction\":[{\"@type\":\"SearchAction\",\"target\":{\"@type\":\"EntryPoint\",\"urlTemplate\":\"https:\/\/amiraditransilvania.it\/moda\/?s={search_term_string}\"},\"query-input\":{\"@type\":\"PropertyValueSpecification\",\"valueRequired\":true,\"valueName\":\"search_term_string\"}}],\"inLanguage\":\"it-IT\"}]}<\/script>\n<!-- \/ Yoast SEO plugin. -->","yoast_head_json":{"title":"Termini e Condizioni - Amira di Transilvania","robots":{"index":"index","follow":"follow","max-snippet":"max-snippet:-1","max-image-preview":"max-image-preview:large","max-video-preview":"max-video-preview:-1"},"canonical":"https:\/\/amiraditransilvania.it\/moda\/termini-e-condizioni\/","og_locale":"it_IT","og_type":"article","og_title":"Termini e Condizioni - Amira di Transilvania","og_description":"Termini e Condizioni L&#8217;imprenditore artigiano colui che esercita personalmente, professionalmente e in qualit\u00e0 di titolare, l\u2019impresa artigiana, assumendone la piena responsabilit\u00e0 con tutti gli oneri ed i rischi inerenti alla sua gestione e svolgendo in misura prevalente il proprio lavoro, anche manuale, nel processo produttivo. Tutti i prodotti che vedete in esposizione nel nostro Shop [&hellip;]","og_url":"https:\/\/amiraditransilvania.it\/moda\/termini-e-condizioni\/","og_site_name":"Amira di Transilvania","article_modified_time":"2023-06-23T12:24:09+00:00","twitter_card":"summary_large_image","twitter_misc":{"Tempo di lettura stimato":"5 minuti"},"schema":{"@context":"https:\/\/schema.org","@graph":[{"@type":"WebPage","@id":"https:\/\/amiraditransilvania.it\/moda\/termini-e-condizioni\/","url":"https:\/\/amiraditransilvania.it\/moda\/termini-e-condizioni\/","name":"Termini e Condizioni - Amira di Transilvania","isPartOf":{"@id":"https:\/\/amiraditransilvania.it\/moda\/#website"},"datePublished":"2023-04-15T08:52:38+00:00","dateModified":"2023-06-23T12:24:09+00:00","breadcrumb":{"@id":"https:\/\/amiraditransilvania.it\/moda\/termini-e-condizioni\/#breadcrumb"},"inLanguage":"it-IT","potentialAction":[{"@type":"ReadAction","target":["https:\/\/amiraditransilvania.it\/moda\/termini-e-condizioni\/"]}]},{"@type":"BreadcrumbList","@id":"https:\/\/amiraditransilvania.it\/moda\/termini-e-condizioni\/#breadcrumb","itemListElement":[{"@type":"ListItem","position":1,"name":"Home","item":"https:\/\/amiraditransilvania.it\/moda\/"},{"@type":"ListItem","position":2,"name":"Termini e Condizioni"}]},{"@type":"WebSite","@id":"https:\/\/amiraditransilvania.it\/moda\/#website","url":"https:\/\/amiraditransilvania.it\/moda\/","name":"Amira di Transilvania","description":"Store di Amira di Transilvania","potentialAction":[{"@type":"SearchAction","target":{"@type":"EntryPoint","urlTemplate":"https:\/\/amiraditransilvania.it\/moda\/?s={search_term_string}"},"query-input":{"@type":"PropertyValueSpecification","valueRequired":true,"valueName":"search_term_string"}}],"inLanguage":"it-IT"}]}},"jetpack_sharing_enabled":true,"_links":{"self":[{"href":"https:\/\/amiraditransilvania.it\/moda\/wp-json\/wp\/v2\/pages\/3328","targetHints":{"allow":["GET"]}}],"collection":[{"href":"https:\/\/amiraditransilvania.it\/moda\/wp-json\/wp\/v2\/pages"}],"about":[{"href":"https:\/\/amiraditransilvania.it\/moda\/wp-json\/wp\/v2\/types\/page"}],"author":[{"embeddable":true,"href":"https:\/\/amiraditransilvania.it\/moda\/wp-json\/wp\/v2\/users\/1"}],"replies":[{"embeddable":true,"href":"https:\/\/amiraditransilvania.it\/moda\/wp-json\/wp\/v2\/comments?post=3328"}],"version-history":[{"count":0,"href":"https:\/\/amiraditransilvania.it\/moda\/wp-json\/wp\/v2\/pages\/3328\/revisions"}],"wp:attachment":[{"href":"https:\/\/amiraditransilvania.it\/moda\/wp-json\/wp\/v2\/media?parent=3328"}],"curies":[{"name":"wp","href":"https:\/\/api.w.org\/{rel}","templated":true}]}}