{"id":3471,"date":"2023-06-27T12:28:20","date_gmt":"2023-06-27T12:28:20","guid":{"rendered":"https:\/\/amiraditransilvania.it\/moda\/?page_id=3471"},"modified":"2023-07-14T03:27:58","modified_gmt":"2023-07-14T03:27:58","slug":"biografia","status":"publish","type":"page","link":"https:\/\/amiraditransilvania.it\/moda\/biografia\/","title":{"rendered":"Biografia"},"content":{"rendered":"<section class=\"wpb-content-wrapper\"><p>[vc_row][vc_column][vc_column_text]<\/p>\n<h1>La biografia di una fashionista<\/h1>\n<p><a href=\"https:\/\/amiraditransilvania.it\/moda\/wp-content\/uploads\/2023\/06\/amira-bio-moda-copia-scaled.jpg\"><img loading=\"lazy\" decoding=\"async\" class=\"alignnone size-full wp-image-3488\" src=\"https:\/\/amiraditransilvania.it\/moda\/wp-content\/uploads\/2023\/06\/amira-bio-moda-copia-scaled.jpg\" alt=\"\" width=\"2560\" height=\"1338\" srcset=\"https:\/\/amiraditransilvania.it\/moda\/wp-content\/uploads\/2023\/06\/amira-bio-moda-copia-scaled.jpg 2560w, https:\/\/amiraditransilvania.it\/moda\/wp-content\/uploads\/2023\/06\/amira-bio-moda-copia-scaled-800x418.jpg 800w, https:\/\/amiraditransilvania.it\/moda\/wp-content\/uploads\/2023\/06\/amira-bio-moda-copia-300x157.jpg 300w, https:\/\/amiraditransilvania.it\/moda\/wp-content\/uploads\/2023\/06\/amira-bio-moda-copia-1024x535.jpg 1024w, https:\/\/amiraditransilvania.it\/moda\/wp-content\/uploads\/2023\/06\/amira-bio-moda-copia-768x401.jpg 768w, https:\/\/amiraditransilvania.it\/moda\/wp-content\/uploads\/2023\/06\/amira-bio-moda-copia-1536x803.jpg 1536w, https:\/\/amiraditransilvania.it\/moda\/wp-content\/uploads\/2023\/06\/amira-bio-moda-copia-2048x1070.jpg 2048w\" sizes=\"auto, (max-width: 2560px) 100vw, 2560px\" \/><\/a><\/p>\n<h2>La biografia di una fashionista<\/h2>\n<p>Il mio primo ricordo da Fashionista \u00e8 molto precoce, ero solo una piccola bambina che si voleva vestire con la carta stagnola dei cioccolatini, ma non parlando, non riuscivo a farli capire agli adulti il mio intento.<\/p>\n<p>Nella mia famiglia c\u2019era l\u2019usanza di farsi i vestiti su misura dal sarto, sia gli uomini che le donne e anche noi bambini eravamo impegnati in questa deliziosa attivit\u00e0.<\/p>\n<p>Solo che i vestiti bon-ton che gli adulti sceglievano per me non incontravano i miei gusti da bambina.<\/p>\n<p>Cosi, all\u2019et\u00e0 di 9 anni dopo vari tentativi riusci a cucirmi da sola una gonna fatta con la tovaglia di mia nonna. Fu il mio primo look da fashionista !<\/p>\n<h2>Ma anche l\u2019ultimo !<\/h2>\n<p>Da adolescente i miei genitori mi lasciavano andare alle feste, non erano troppo severi, ma ci tenevano che io mi vestissi \u2018\u2019come si deve\u2019\u2019. Cosi uscivo di casa \u2018\u2019come si deve\u2019\u2019 e mi cambiavo nel ascensore prima di entrare alla festa per poi fare il contrario quando la festa finiva.<\/p>\n<p>Cosi un giorno mia madre scopri la busta con i miei vestiti e ciao, niente pi\u00f9 feste.<\/p>\n<p>Dovevo aspettare la maturit\u00e0 per decidere in totale autonomia come vestirmi, fin\u2019ora dovevo ancora stare alle regole degli altri, della famiglia, della scuola, della societ\u00e0.<\/p>\n<p>Le regole degli altri creano in noi dei Condizionamenti limitando la libert\u00e0 individuale. Questo succede anche nella Moda.\u00a0 Essa \u00e8 un linguaggio, \u00e8 un modo per comunicare con il mondo circostante, un modo per relazionarci tra di noi. Ma \u00e8 soprattutto uno dei pochi mezzi a disposizione per essere noi stessi in un mondo sempre pronto a puntarti il dito a dosso.<\/p>\n<p>Fregatene, vestiti come ti pare e piace ! Sii originale e avrai potere !<\/p>\n<p>(parola di Amira di Transilvania sepolta nella cabina armadio)<\/p>\n<p>&#8221; Un giorno una tenda, un giorno una tovaglia, un giorno il sacco della spazzatura, certo che tu non sei come tutte le donne che non sanno cosa mettersi a dosso per uscire&#8221; diceva mio marito.<\/p>\n<p>&#8221; Ma se tanto sei malata di moda, anziche comprarti tutti giorni dei vestiti fai prima a comprarti direttamente un negozio&#8221;.<\/p>\n<p>E cosi f\u00f9 !<\/p>\n<p>Le Cruelle fu la mia prima Cabina Armadio perche era pi\u00f9 di un semplice negozio: fu un Concept Store di Moda, Arte e Design dove alla sera tra una coppa di champagne e due fragole potevi parlare di arte e cinema con i miei amici e clienti.<\/p>\n<p><a href=\"https:\/\/amiraditransilvania.it\/moda\/wp-content\/uploads\/2023\/06\/le-cruelle-2005-copia-scaled.jpg\"><img loading=\"lazy\" decoding=\"async\" class=\"alignnone size-full wp-image-3494\" src=\"https:\/\/amiraditransilvania.it\/moda\/wp-content\/uploads\/2023\/06\/le-cruelle-2005-copia-scaled.jpg\" alt=\"\" width=\"2560\" height=\"1338\" srcset=\"https:\/\/amiraditransilvania.it\/moda\/wp-content\/uploads\/2023\/06\/le-cruelle-2005-copia-scaled.jpg 2560w, https:\/\/amiraditransilvania.it\/moda\/wp-content\/uploads\/2023\/06\/le-cruelle-2005-copia-scaled-800x418.jpg 800w, https:\/\/amiraditransilvania.it\/moda\/wp-content\/uploads\/2023\/06\/le-cruelle-2005-copia-300x157.jpg 300w, https:\/\/amiraditransilvania.it\/moda\/wp-content\/uploads\/2023\/06\/le-cruelle-2005-copia-1024x535.jpg 1024w, https:\/\/amiraditransilvania.it\/moda\/wp-content\/uploads\/2023\/06\/le-cruelle-2005-copia-768x401.jpg 768w, https:\/\/amiraditransilvania.it\/moda\/wp-content\/uploads\/2023\/06\/le-cruelle-2005-copia-1536x803.jpg 1536w, https:\/\/amiraditransilvania.it\/moda\/wp-content\/uploads\/2023\/06\/le-cruelle-2005-copia-2048x1070.jpg 2048w\" sizes=\"auto, (max-width: 2560px) 100vw, 2560px\" \/><\/a><\/p>\n<p><a href=\"https:\/\/amiraditransilvania.it\/moda\/wp-content\/uploads\/2023\/06\/le-cruelle-negozio-2-copia-scaled.jpg\"><img loading=\"lazy\" decoding=\"async\" class=\"alignnone size-full wp-image-3495\" src=\"https:\/\/amiraditransilvania.it\/moda\/wp-content\/uploads\/2023\/06\/le-cruelle-negozio-2-copia-scaled.jpg\" alt=\"\" width=\"2560\" height=\"1338\" srcset=\"https:\/\/amiraditransilvania.it\/moda\/wp-content\/uploads\/2023\/06\/le-cruelle-negozio-2-copia-scaled.jpg 2560w, https:\/\/amiraditransilvania.it\/moda\/wp-content\/uploads\/2023\/06\/le-cruelle-negozio-2-copia-scaled-800x418.jpg 800w, https:\/\/amiraditransilvania.it\/moda\/wp-content\/uploads\/2023\/06\/le-cruelle-negozio-2-copia-300x157.jpg 300w, https:\/\/amiraditransilvania.it\/moda\/wp-content\/uploads\/2023\/06\/le-cruelle-negozio-2-copia-1024x535.jpg 1024w, https:\/\/amiraditransilvania.it\/moda\/wp-content\/uploads\/2023\/06\/le-cruelle-negozio-2-copia-768x401.jpg 768w, https:\/\/amiraditransilvania.it\/moda\/wp-content\/uploads\/2023\/06\/le-cruelle-negozio-2-copia-1536x803.jpg 1536w, https:\/\/amiraditransilvania.it\/moda\/wp-content\/uploads\/2023\/06\/le-cruelle-negozio-2-copia-2048x1070.jpg 2048w\" sizes=\"auto, (max-width: 2560px) 100vw, 2560px\" \/><\/a><\/p>\n<p><a href=\"https:\/\/amiraditransilvania.it\/moda\/wp-content\/uploads\/2023\/06\/le-cruelle-negozio-3-copia-scaled.jpg\"><img loading=\"lazy\" decoding=\"async\" class=\"alignnone size-full wp-image-3496\" src=\"https:\/\/amiraditransilvania.it\/moda\/wp-content\/uploads\/2023\/06\/le-cruelle-negozio-3-copia-scaled.jpg\" alt=\"\" width=\"2560\" height=\"1338\" srcset=\"https:\/\/amiraditransilvania.it\/moda\/wp-content\/uploads\/2023\/06\/le-cruelle-negozio-3-copia-scaled.jpg 2560w, https:\/\/amiraditransilvania.it\/moda\/wp-content\/uploads\/2023\/06\/le-cruelle-negozio-3-copia-scaled-800x418.jpg 800w, https:\/\/amiraditransilvania.it\/moda\/wp-content\/uploads\/2023\/06\/le-cruelle-negozio-3-copia-300x157.jpg 300w, https:\/\/amiraditransilvania.it\/moda\/wp-content\/uploads\/2023\/06\/le-cruelle-negozio-3-copia-1024x535.jpg 1024w, https:\/\/amiraditransilvania.it\/moda\/wp-content\/uploads\/2023\/06\/le-cruelle-negozio-3-copia-768x401.jpg 768w, https:\/\/amiraditransilvania.it\/moda\/wp-content\/uploads\/2023\/06\/le-cruelle-negozio-3-copia-1536x803.jpg 1536w, https:\/\/amiraditransilvania.it\/moda\/wp-content\/uploads\/2023\/06\/le-cruelle-negozio-3-copia-2048x1070.jpg 2048w\" sizes=\"auto, (max-width: 2560px) 100vw, 2560px\" \/><\/a><\/p>\n<p>Sono passati molti anni e molti cambi di guardaroba (mai di taglia) ! Le cose non sono migliorate, la mia malattia da fashionista accumulatrice compulsiva \u00e8 degenerata dalla fase cronica alla fase acuta.<\/p>\n<p>Oggi la mia Cabina Armadio \u00e8 stata costretta a traslocare in un deposito showroom di 300 mq, dimostratosi stretti ed insufficienti, con la speranza di alleggerire, di far andare ci\u00f2 che \u00e8 ancora bello utile e fashion. La Cabina Armadio di Amira di Transilvania \u00e8 (quasi) in vendita.<\/p>\n<p>In mezzo ad opere d&#8217;arte, tra i miei quadri e sculture, tra i miei libri e oggetti del mio collezionismo, la Cabina Armadio ha aperto le ante !<\/p>\n<p><a href=\"https:\/\/amiraditransilvania.it\/moda\/wp-content\/uploads\/2023\/06\/showroom-1-copia-scaled.jpg\"><img loading=\"lazy\" decoding=\"async\" class=\"alignnone size-full wp-image-3500\" src=\"https:\/\/amiraditransilvania.it\/moda\/wp-content\/uploads\/2023\/06\/showroom-1-copia-scaled.jpg\" alt=\"\" width=\"2560\" height=\"1338\" srcset=\"https:\/\/amiraditransilvania.it\/moda\/wp-content\/uploads\/2023\/06\/showroom-1-copia-scaled.jpg 2560w, https:\/\/amiraditransilvania.it\/moda\/wp-content\/uploads\/2023\/06\/showroom-1-copia-scaled-800x418.jpg 800w, https:\/\/amiraditransilvania.it\/moda\/wp-content\/uploads\/2023\/06\/showroom-1-copia-300x157.jpg 300w, https:\/\/amiraditransilvania.it\/moda\/wp-content\/uploads\/2023\/06\/showroom-1-copia-1024x535.jpg 1024w, https:\/\/amiraditransilvania.it\/moda\/wp-content\/uploads\/2023\/06\/showroom-1-copia-768x401.jpg 768w, https:\/\/amiraditransilvania.it\/moda\/wp-content\/uploads\/2023\/06\/showroom-1-copia-1536x803.jpg 1536w, https:\/\/amiraditransilvania.it\/moda\/wp-content\/uploads\/2023\/06\/showroom-1-copia-2048x1070.jpg 2048w\" sizes=\"auto, (max-width: 2560px) 100vw, 2560px\" \/><\/a><\/p>\n<p><a href=\"https:\/\/amiraditransilvania.it\/moda\/wp-content\/uploads\/2023\/06\/showroom-2-copia-scaled.jpg\"><img loading=\"lazy\" decoding=\"async\" class=\"alignnone size-full wp-image-3501\" src=\"https:\/\/amiraditransilvania.it\/moda\/wp-content\/uploads\/2023\/06\/showroom-2-copia-scaled.jpg\" alt=\"\" width=\"2560\" height=\"1338\" srcset=\"https:\/\/amiraditransilvania.it\/moda\/wp-content\/uploads\/2023\/06\/showroom-2-copia-scaled.jpg 2560w, https:\/\/amiraditransilvania.it\/moda\/wp-content\/uploads\/2023\/06\/showroom-2-copia-scaled-800x418.jpg 800w, https:\/\/amiraditransilvania.it\/moda\/wp-content\/uploads\/2023\/06\/showroom-2-copia-300x157.jpg 300w, https:\/\/amiraditransilvania.it\/moda\/wp-content\/uploads\/2023\/06\/showroom-2-copia-1024x535.jpg 1024w, https:\/\/amiraditransilvania.it\/moda\/wp-content\/uploads\/2023\/06\/showroom-2-copia-768x401.jpg 768w, https:\/\/amiraditransilvania.it\/moda\/wp-content\/uploads\/2023\/06\/showroom-2-copia-1536x803.jpg 1536w, https:\/\/amiraditransilvania.it\/moda\/wp-content\/uploads\/2023\/06\/showroom-2-copia-2048x1070.jpg 2048w\" sizes=\"auto, (max-width: 2560px) 100vw, 2560px\" \/><\/a><\/p>\n<h2>Amira di Transilvania sepolta nella cabina armadio non \u00e8 solo un titolo, \u00e8 un dato di fatto !<\/h2>\n<p>La realt\u00e0 \u00e8 pi\u00f9 reale di quanto sembra !<\/p>\n<p>Migliaia di capi di abbigliamento e accessori tra i pi\u00f9 originali e stravaganti.<\/p>\n<p>Da quelli iconici dei grandi griff a quelli da me disegnati durante oltre 2o anni.<\/p>\n<p>Dal vintage al restyling.<\/p>\n<p>Dagli accessori pi\u00f9 rari e mai visti al pezzo che hai sempre sognato, QUA TROVI DI TUTTO !<\/p>\n<p>Ordinato rigorosamente per ragione cromatica.<\/p>\n<p>Ed \u00e8 proprio con questo nuovo spazio che nasce il nuovo Virtual Concept Store per aiutare chiunque non padroneggia ancora bene la questione STYLING di imparare la composizione di un outfit originale e caratteristico e poter acquistare il pezzo mancante per sua guardaroba di successo.<\/p>\n<p><a href=\"https:\/\/amiraditransilvania.it\/moda\/wp-content\/uploads\/2023\/06\/showroom-3-copia-scaled.jpg\"><img loading=\"lazy\" decoding=\"async\" class=\"alignnone size-full wp-image-3502\" src=\"https:\/\/amiraditransilvania.it\/moda\/wp-content\/uploads\/2023\/06\/showroom-3-copia-scaled.jpg\" alt=\"\" width=\"2560\" height=\"1338\" srcset=\"https:\/\/amiraditransilvania.it\/moda\/wp-content\/uploads\/2023\/06\/showroom-3-copia-scaled.jpg 2560w, https:\/\/amiraditransilvania.it\/moda\/wp-content\/uploads\/2023\/06\/showroom-3-copia-scaled-800x418.jpg 800w, https:\/\/amiraditransilvania.it\/moda\/wp-content\/uploads\/2023\/06\/showroom-3-copia-300x157.jpg 300w, https:\/\/amiraditransilvania.it\/moda\/wp-content\/uploads\/2023\/06\/showroom-3-copia-1024x535.jpg 1024w, https:\/\/amiraditransilvania.it\/moda\/wp-content\/uploads\/2023\/06\/showroom-3-copia-768x401.jpg 768w, https:\/\/amiraditransilvania.it\/moda\/wp-content\/uploads\/2023\/06\/showroom-3-copia-1536x803.jpg 1536w, https:\/\/amiraditransilvania.it\/moda\/wp-content\/uploads\/2023\/06\/showroom-3-copia-2048x1070.jpg 2048w\" sizes=\"auto, (max-width: 2560px) 100vw, 2560px\" \/><\/a><\/p>\n<p><a href=\"https:\/\/amiraditransilvania.it\/moda\/wp-content\/uploads\/2023\/06\/showroom-4-copia-scaled.jpg\"><img loading=\"lazy\" decoding=\"async\" class=\"alignnone size-full wp-image-3503\" src=\"https:\/\/amiraditransilvania.it\/moda\/wp-content\/uploads\/2023\/06\/showroom-4-copia-scaled.jpg\" alt=\"\" width=\"2560\" height=\"1338\" srcset=\"https:\/\/amiraditransilvania.it\/moda\/wp-content\/uploads\/2023\/06\/showroom-4-copia-scaled.jpg 2560w, https:\/\/amiraditransilvania.it\/moda\/wp-content\/uploads\/2023\/06\/showroom-4-copia-scaled-800x418.jpg 800w, https:\/\/amiraditransilvania.it\/moda\/wp-content\/uploads\/2023\/06\/showroom-4-copia-300x157.jpg 300w, https:\/\/amiraditransilvania.it\/moda\/wp-content\/uploads\/2023\/06\/showroom-4-copia-1024x535.jpg 1024w, https:\/\/amiraditransilvania.it\/moda\/wp-content\/uploads\/2023\/06\/showroom-4-copia-768x401.jpg 768w, https:\/\/amiraditransilvania.it\/moda\/wp-content\/uploads\/2023\/06\/showroom-4-copia-1536x803.jpg 1536w, https:\/\/amiraditransilvania.it\/moda\/wp-content\/uploads\/2023\/06\/showroom-4-copia-2048x1070.jpg 2048w\" sizes=\"auto, (max-width: 2560px) 100vw, 2560px\" \/><\/a><\/p>\n<p>[\/vc_column_text][\/vc_column][\/vc_row]<\/p>\n<\/section>","protected":false},"excerpt":{"rendered":"<p>[vc_row][vc_column][vc_column_text] La biografia di una fashionista La biografia di una fashionista Il mio primo ricordo da Fashionista \u00e8 molto precoce, ero solo una piccola bambina che si voleva vestire con la carta stagnola dei cioccolatini, ma non parlando, non riuscivo a farli capire agli adulti il mio intento. Nella mia famiglia c\u2019era l\u2019usanza di farsi [&hellip;]<\/p>\n","protected":false},"author":1,"featured_media":0,"parent":0,"menu_order":0,"comment_status":"closed","ping_status":"closed","template":"","meta":{"_acf_changed":false,"footnotes":""},"class_list":["post-3471","page","type-page","status-publish","hentry"],"acf":[],"yoast_head":"<!-- This site is optimized with the Yoast SEO plugin v26.7 - https:\/\/yoast.com\/wordpress\/plugins\/seo\/ -->\n<title>Biografia - Amira di Transilvania<\/title>\n<meta name=\"robots\" content=\"index, follow, max-snippet:-1, max-image-preview:large, max-video-preview:-1\" \/>\n<link rel=\"canonical\" href=\"https:\/\/amiraditransilvania.it\/moda\/biografia\/\" \/>\n<meta property=\"og:locale\" content=\"it_IT\" \/>\n<meta property=\"og:type\" content=\"article\" \/>\n<meta property=\"og:title\" content=\"Biografia - Amira di Transilvania\" \/>\n<meta property=\"og:description\" content=\"[vc_row][vc_column][vc_column_text] La biografia di una fashionista La biografia di una fashionista Il mio primo ricordo da Fashionista \u00e8 molto precoce, ero solo una piccola bambina che si voleva vestire con la carta stagnola dei cioccolatini, ma non parlando, non riuscivo a farli capire agli adulti il mio intento. Nella mia famiglia c\u2019era l\u2019usanza di farsi [&hellip;]\" \/>\n<meta property=\"og:url\" content=\"https:\/\/amiraditransilvania.it\/moda\/biografia\/\" \/>\n<meta property=\"og:site_name\" content=\"Amira di Transilvania\" \/>\n<meta property=\"article:modified_time\" content=\"2023-07-14T03:27:58+00:00\" \/>\n<meta property=\"og:image\" content=\"https:\/\/amiraditransilvania.it\/moda\/wp-content\/uploads\/2023\/06\/amira-bio-moda-copia-scaled.jpg\" \/>\n<meta name=\"twitter:card\" content=\"summary_large_image\" \/>\n<meta name=\"twitter:label1\" content=\"Tempo di lettura stimato\" \/>\n\t<meta name=\"twitter:data1\" content=\"5 minuti\" \/>\n<script type=\"application\/ld+json\" class=\"yoast-schema-graph\">{\"@context\":\"https:\/\/schema.org\",\"@graph\":[{\"@type\":\"WebPage\",\"@id\":\"https:\/\/amiraditransilvania.it\/moda\/biografia\/\",\"url\":\"https:\/\/amiraditransilvania.it\/moda\/biografia\/\",\"name\":\"Biografia - Amira di Transilvania\",\"isPartOf\":{\"@id\":\"https:\/\/amiraditransilvania.it\/moda\/#website\"},\"primaryImageOfPage\":{\"@id\":\"https:\/\/amiraditransilvania.it\/moda\/biografia\/#primaryimage\"},\"image\":{\"@id\":\"https:\/\/amiraditransilvania.it\/moda\/biografia\/#primaryimage\"},\"thumbnailUrl\":\"https:\/\/amiraditransilvania.it\/moda\/wp-content\/uploads\/2023\/06\/amira-bio-moda-copia-scaled.jpg\",\"datePublished\":\"2023-06-27T12:28:20+00:00\",\"dateModified\":\"2023-07-14T03:27:58+00:00\",\"breadcrumb\":{\"@id\":\"https:\/\/amiraditransilvania.it\/moda\/biografia\/#breadcrumb\"},\"inLanguage\":\"it-IT\",\"potentialAction\":[{\"@type\":\"ReadAction\",\"target\":[\"https:\/\/amiraditransilvania.it\/moda\/biografia\/\"]}]},{\"@type\":\"ImageObject\",\"inLanguage\":\"it-IT\",\"@id\":\"https:\/\/amiraditransilvania.it\/moda\/biografia\/#primaryimage\",\"url\":\"https:\/\/amiraditransilvania.it\/moda\/wp-content\/uploads\/2023\/06\/amira-bio-moda-copia-scaled.jpg\",\"contentUrl\":\"https:\/\/amiraditransilvania.it\/moda\/wp-content\/uploads\/2023\/06\/amira-bio-moda-copia-scaled.jpg\"},{\"@type\":\"BreadcrumbList\",\"@id\":\"https:\/\/amiraditransilvania.it\/moda\/biografia\/#breadcrumb\",\"itemListElement\":[{\"@type\":\"ListItem\",\"position\":1,\"name\":\"Home\",\"item\":\"https:\/\/amiraditransilvania.it\/moda\/\"},{\"@type\":\"ListItem\",\"position\":2,\"name\":\"Biografia\"}]},{\"@type\":\"WebSite\",\"@id\":\"https:\/\/amiraditransilvania.it\/moda\/#website\",\"url\":\"https:\/\/amiraditransilvania.it\/moda\/\",\"name\":\"Amira di Transilvania\",\"description\":\"Store di Amira di Transilvania\",\"potentialAction\":[{\"@type\":\"SearchAction\",\"target\":{\"@type\":\"EntryPoint\",\"urlTemplate\":\"https:\/\/amiraditransilvania.it\/moda\/?s={search_term_string}\"},\"query-input\":{\"@type\":\"PropertyValueSpecification\",\"valueRequired\":true,\"valueName\":\"search_term_string\"}}],\"inLanguage\":\"it-IT\"}]}<\/script>\n<!-- \/ Yoast SEO plugin. -->","yoast_head_json":{"title":"Biografia - Amira di Transilvania","robots":{"index":"index","follow":"follow","max-snippet":"max-snippet:-1","max-image-preview":"max-image-preview:large","max-video-preview":"max-video-preview:-1"},"canonical":"https:\/\/amiraditransilvania.it\/moda\/biografia\/","og_locale":"it_IT","og_type":"article","og_title":"Biografia - Amira di Transilvania","og_description":"[vc_row][vc_column][vc_column_text] La biografia di una fashionista La biografia di una fashionista Il mio primo ricordo da Fashionista \u00e8 molto precoce, ero solo una piccola bambina che si voleva vestire con la carta stagnola dei cioccolatini, ma non parlando, non riuscivo a farli capire agli adulti il mio intento. Nella mia famiglia c\u2019era l\u2019usanza di farsi [&hellip;]","og_url":"https:\/\/amiraditransilvania.it\/moda\/biografia\/","og_site_name":"Amira di Transilvania","article_modified_time":"2023-07-14T03:27:58+00:00","og_image":[{"url":"https:\/\/amiraditransilvania.it\/moda\/wp-content\/uploads\/2023\/06\/amira-bio-moda-copia-scaled.jpg","type":"","width":"","height":""}],"twitter_card":"summary_large_image","twitter_misc":{"Tempo di lettura stimato":"5 minuti"},"schema":{"@context":"https:\/\/schema.org","@graph":[{"@type":"WebPage","@id":"https:\/\/amiraditransilvania.it\/moda\/biografia\/","url":"https:\/\/amiraditransilvania.it\/moda\/biografia\/","name":"Biografia - Amira di Transilvania","isPartOf":{"@id":"https:\/\/amiraditransilvania.it\/moda\/#website"},"primaryImageOfPage":{"@id":"https:\/\/amiraditransilvania.it\/moda\/biografia\/#primaryimage"},"image":{"@id":"https:\/\/amiraditransilvania.it\/moda\/biografia\/#primaryimage"},"thumbnailUrl":"https:\/\/amiraditransilvania.it\/moda\/wp-content\/uploads\/2023\/06\/amira-bio-moda-copia-scaled.jpg","datePublished":"2023-06-27T12:28:20+00:00","dateModified":"2023-07-14T03:27:58+00:00","breadcrumb":{"@id":"https:\/\/amiraditransilvania.it\/moda\/biografia\/#breadcrumb"},"inLanguage":"it-IT","potentialAction":[{"@type":"ReadAction","target":["https:\/\/amiraditransilvania.it\/moda\/biografia\/"]}]},{"@type":"ImageObject","inLanguage":"it-IT","@id":"https:\/\/amiraditransilvania.it\/moda\/biografia\/#primaryimage","url":"https:\/\/amiraditransilvania.it\/moda\/wp-content\/uploads\/2023\/06\/amira-bio-moda-copia-scaled.jpg","contentUrl":"https:\/\/amiraditransilvania.it\/moda\/wp-content\/uploads\/2023\/06\/amira-bio-moda-copia-scaled.jpg"},{"@type":"BreadcrumbList","@id":"https:\/\/amiraditransilvania.it\/moda\/biografia\/#breadcrumb","itemListElement":[{"@type":"ListItem","position":1,"name":"Home","item":"https:\/\/amiraditransilvania.it\/moda\/"},{"@type":"ListItem","position":2,"name":"Biografia"}]},{"@type":"WebSite","@id":"https:\/\/amiraditransilvania.it\/moda\/#website","url":"https:\/\/amiraditransilvania.it\/moda\/","name":"Amira di Transilvania","description":"Store di Amira di Transilvania","potentialAction":[{"@type":"SearchAction","target":{"@type":"EntryPoint","urlTemplate":"https:\/\/amiraditransilvania.it\/moda\/?s={search_term_string}"},"query-input":{"@type":"PropertyValueSpecification","valueRequired":true,"valueName":"search_term_string"}}],"inLanguage":"it-IT"}]}},"jetpack_sharing_enabled":true,"_links":{"self":[{"href":"https:\/\/amiraditransilvania.it\/moda\/wp-json\/wp\/v2\/pages\/3471","targetHints":{"allow":["GET"]}}],"collection":[{"href":"https:\/\/amiraditransilvania.it\/moda\/wp-json\/wp\/v2\/pages"}],"about":[{"href":"https:\/\/amiraditransilvania.it\/moda\/wp-json\/wp\/v2\/types\/page"}],"author":[{"embeddable":true,"href":"https:\/\/amiraditransilvania.it\/moda\/wp-json\/wp\/v2\/users\/1"}],"replies":[{"embeddable":true,"href":"https:\/\/amiraditransilvania.it\/moda\/wp-json\/wp\/v2\/comments?post=3471"}],"version-history":[{"count":0,"href":"https:\/\/amiraditransilvania.it\/moda\/wp-json\/wp\/v2\/pages\/3471\/revisions"}],"wp:attachment":[{"href":"https:\/\/amiraditransilvania.it\/moda\/wp-json\/wp\/v2\/media?parent=3471"}],"curies":[{"name":"wp","href":"https:\/\/api.w.org\/{rel}","templated":true}]}}